{"id":2338,"date":"2019-03-18T12:42:57","date_gmt":"2019-03-18T12:42:57","guid":{"rendered":"https:\/\/casacamelia.dev2.shareit.dev\/services\/"},"modified":"2026-01-17T15:53:12","modified_gmt":"2026-01-17T15:53:12","slug":"services","status":"publish","type":"page","link":"https:\/\/www.casacamelia.pt\/de\/services\/","title":{"rendered":"SERVICE"},"content":{"rendered":"<div class=\"wpb-content-wrapper\">[mk_page_section bg_image=&#8220;https:\/\/www.casacamelia.pt\/wp-content\/uploads\/2019\/12\/boutique-hotel_reception-bell.jpg&#8220; bg_color=&#8220;#ffffff&#8220; bg_position=&#8220;center bottom&#8220; bg_repeat=&#8220;no-repeat&#8220; bg_stretch=&#8220;true&#8220; enable_3d=&#8220;true&#8220; min_height=&#8220;400&#8243; padding_top=&#8220;90&#8243; padding_bottom=&#8220;90&#8243; sidebar=&#8220;sidebar-1&#8243;][vc_column][\/vc_column][\/mk_page_section][mk_page_section bg_color=&#8220;#ffffff&#8220; bg_position=&#8220;right top&#8220; bg_repeat=&#8220;no-repeat&#8220; enable_3d=&#8220;true&#8220; speed_factor=&#8220;-0.15&#8243; min_height=&#8220;149&#8243; full_width=&#8220;true&#8220; padding_top=&#8220;60&#8243; padding_bottom=&#8220;30&#8243; el_class=&#8220;services-flower&#8220; sidebar=&#8220;sidebar-1&#8243;][vc_column width=&#8220;1\/4&#8243;][\/vc_column][vc_column width=&#8220;1\/2&#8243;][mk_fancy_title color=&#8220;#000000&#8243; size=&#8220;100&#8243; force_font_size=&#8220;true&#8220; size_tablet=&#8220;50&#8243; size_phone=&#8220;25&#8243; txt_transform=&#8220;uppercase&#8220; letter_spacing=&#8220;7&#8243; margin_bottom=&#8220;0&#8243; font_family=&#8220;none&#8220; align=&#8220;center&#8220;]Service[\/mk_fancy_title][vc_column_text disable_pattern=&#8220;false&#8220; align=&#8220;center&#8220; margin_bottom=&#8220;30&#8243; css=&#8220;.vc_custom_1606852955898{margin-bottom: 50px !important;}&#8220;]Das CASA CAM\u00c9LIA bietet seinen G\u00e4sten exzellenten Service. Zus\u00e4tzlich zu den unten ausgef\u00fchrten Dienstleistungen bieten wir touristische Informationen und pers\u00f6nliche Empfehlungen f\u00fcr Besichtigungen in Porto und Umgebung und unterst\u00fctzen unsere G\u00e4ste bei Buchungen und Reservierungen.[\/vc_column_text][\/vc_column][vc_column width=&#8220;1\/4&#8243;][mk_image src=&#8220;https:\/\/www.casacamelia.pt\/wp-content\/uploads\/2018\/11\/flowers3.png&#8220; image_size=&#8220;full&#8220; pxs=&#8220;true&#8220; pxs_x=&#8220;0&#8243; pxs_y=&#8220;-100&#8243; pxs_z=&#8220;0&#8243;][\/vc_column][\/mk_page_section][vc_row css=&#8220;.vc_custom_1554118125645{padding-bottom: 90px !important;}&#8220; el_class=&#8220;services-details&#8220;][vc_column][vc_row_inner][vc_column_inner width=&#8220;1\/5&#8243;][mk_image src=&#8220;https:\/\/www.casacamelia.pt\/wp-content\/uploads\/2018\/11\/rooms-1.png&#8220; image_size=&#8220;full&#8220; align=&#8220;center&#8220; margin_bottom=&#8220;30&#8243;][mk_fancy_title tag_name=&#8220;h5&#8243; color=&#8220;#000000&#8243; size=&#8220;18&#8243; font_weight=&#8220;bold&#8220; txt_transform=&#8220;uppercase&#8220; margin_bottom=&#8220;0&#8243; font_family=&#8220;Source+Sans+Pro&#8220; font_type=&#8220;google&#8220; align=&#8220;center&#8220;]9 Zimmer[\/mk_fancy_title][\/vc_column_inner][vc_column_inner width=&#8220;1\/5&#8243;][mk_image src=&#8220;https:\/\/www.casacamelia.pt\/wp-content\/uploads\/2018\/11\/cooffe-1.png&#8220; image_size=&#8220;full&#8220; align=&#8220;center&#8220; margin_bottom=&#8220;30&#8243;][mk_fancy_title tag_name=&#8220;h5&#8243; color=&#8220;#000000&#8243; size=&#8220;18&#8243; font_weight=&#8220;bold&#8220; txt_transform=&#8220;uppercase&#8220; margin_bottom=&#8220;0&#8243; font_family=&#8220;Source+Sans+Pro&#8220; font_type=&#8220;google&#8220; align=&#8220;center&#8220;]Fr\u00fchst\u00fccksbuffet[\/mk_fancy_title][\/vc_column_inner][vc_column_inner width=&#8220;1\/5&#8243;][mk_image src=&#8220;https:\/\/www.casacamelia.pt\/wp-content\/uploads\/2018\/11\/garden.png&#8220; image_size=&#8220;full&#8220; align=&#8220;center&#8220; margin_bottom=&#8220;30&#8243;][mk_fancy_title tag_name=&#8220;h5&#8243; color=&#8220;#000000&#8243; size=&#8220;18&#8243; font_weight=&#8220;bold&#8220; txt_transform=&#8220;uppercase&#8220; margin_bottom=&#8220;0&#8243; font_family=&#8220;Source+Sans+Pro&#8220; font_type=&#8220;google&#8220; align=&#8220;center&#8220;]Terrasse und Garten[\/mk_fancy_title][\/vc_column_inner][vc_column_inner width=&#8220;1\/5&#8243;][mk_image src=&#8220;https:\/\/www.casacamelia.pt\/wp-content\/uploads\/2018\/11\/checkin-1.png&#8220; image_size=&#8220;full&#8220; align=&#8220;center&#8220; margin_bottom=&#8220;30&#8243;][mk_fancy_title tag_name=&#8220;h5&#8243; color=&#8220;#000000&#8243; size=&#8220;18&#8243; font_weight=&#8220;bold&#8220; txt_transform=&#8220;uppercase&#8220; margin_bottom=&#8220;0&#8243; font_family=&#8220;Source+Sans+Pro&#8220; font_type=&#8220;google&#8220; align=&#8220;center&#8220;]Rezeption[\/mk_fancy_title][\/vc_column_inner][vc_column_inner width=&#8220;1\/5&#8243;][mk_image src=&#8220;https:\/\/www.casacamelia.pt\/wp-content\/uploads\/2026\/01\/bitcoin-1.png&#8220; image_width=&#8220;55&#8243; image_height=&#8220;55&#8243; align=&#8220;center&#8220; margin_bottom=&#8220;18&#8243;][mk_padding_divider size=&#8220;5&#8243;][mk_fancy_title tag_name=&#8220;h5&#8243; color=&#8220;#000000&#8243; size=&#8220;18&#8243; font_weight=&#8220;bold&#8220; txt_transform=&#8220;uppercase&#8220; margin_bottom=&#8220;0&#8243; font_family=&#8220;Source+Sans+Pro&#8220; font_type=&#8220;google&#8220; align=&#8220;center&#8220;]Bitcoin accepted[\/mk_fancy_title][\/vc_column_inner][\/vc_row_inner][\/vc_column][\/vc_row][mk_page_section bg_image=&#8220;https:\/\/www.casacamelia.pt\/wp-content\/uploads\/2018\/11\/pattern5.png&#8220; bg_color=&#8220;#ffffff&#8220; bg_repeat=&#8220;no-repeat&#8220; enable_3d=&#8220;true&#8220; full_width=&#8220;true&#8220; padding_top=&#8220;9&#8243; padding_bottom=&#8220;90&#8243; sidebar=&#8220;sidebar-1&#8243;][vc_column][mk_padding_divider size=&#8220;30&#8243;][vc_row_inner is_fullwidth_content=&#8220;false&#8220; el_id=&#8220;roomfacilities&#8220;][vc_column_inner width=&#8220;1\/3&#8243;][\/vc_column_inner][vc_column_inner width=&#8220;1\/3&#8243;][mk_fancy_title tag_name=&#8220;h3&#8243; color=&#8220;#000000&#8243; size=&#8220;30&#8243; force_font_size=&#8220;true&#8220; size_phone=&#8220;20&#8243; txt_transform=&#8220;uppercase&#8220; margin_bottom=&#8220;0&#8243; font_family=&#8220;none&#8220;]Dienstleistungen[\/mk_fancy_title][mk_custom_list style=&#8220;mk-icon-caret-right&#8220;]\n<ul>\n<li>Rezeption 08:15 &#8211; 20:00 (auf Verlangen bis 00:00)<\/li>\n<li>Fr\u00fchst\u00fccksbuffet 08:15 &#8211; 11:00 | 16.- \u20ac\/P<\/li>\n<li>Ausgew\u00e4hlte kostenlose Getr\u00e4nke im Pavillon<\/li>\n<li>Klimaanlage in jedem Zimmer<\/li>\n<\/ul>\n[\/mk_custom_list][\/vc_column_inner][vc_column_inner width=&#8220;1\/3&#8243;][mk_padding_divider size=&#8220;58&#8243;][mk_custom_list style=&#8220;mk-icon-caret-right&#8220;]\n<ul>\n<li>T\u00e4glicher Reinigungsservice<\/li>\n<li>WIFI \/ TV in jedem Zimmer<\/li>\n<li>Parkpl\u00e4tze vorhanden | 18.- \u20ac\/T<\/li>\n<li>Minibar in jedem Zimmer (gegen Geb\u00fchr)<\/li>\n<\/ul>\n[\/mk_custom_list][\/vc_column_inner][\/vc_row_inner][\/vc_column][\/mk_page_section][vc_row fullwidth=&#8220;true&#8220; attached=&#8220;true&#8220;][vc_column][mk_gallery images=&#8220;1706,1709,3081,3078,3089&#8243; column=&#8220;5&#8243; height=&#8220;198&#8243; item_spacing=&#8220;2&#8243; margin_bottom=&#8220;0&#8243;][\/vc_column][\/vc_row][mk_page_section bg_color=&#8220;#f3efe9&#8243; bg_position=&#8220;center center&#8220; bg_repeat=&#8220;no-repeat&#8220; bg_stretch=&#8220;true&#8220; enable_3d=&#8220;true&#8220; js_vertical_centered=&#8220;true&#8220; padding_top=&#8220;90&#8243; padding_bottom=&#8220;90&#8243; sidebar=&#8220;sidebar-1&#8243;][vc_column width=&#8220;1\/4&#8243;][mk_padding_divider size=&#8220;120&#8243;][mk_fancy_title size=&#8220;40&#8243; force_font_size=&#8220;true&#8220; size_phone=&#8220;25&#8243; txt_transform=&#8220;uppercase&#8220; margin_bottom=&#8220;0&#8243; font_family=&#8220;none&#8220; align=&#8220;center&#8220;]Kontakt[\/mk_fancy_title][\/vc_column][vc_column width=&#8220;1\/2&#8243;][mk_image src=&#8220;https:\/\/www.casacamelia.pt\/wp-content\/uploads\/2020\/01\/casacamelia_brown_v1.png&#8220; image_size=&#8220;full&#8220; align=&#8220;center&#8220;][mk_padding_divider size=&#8220;35&#8243;][mk_fancy_title tag_name=&#8220;h6&#8243; color=&#8220;#86704d&#8220; size=&#8220;16&#8243; font_weight=&#8220;400&#8243; letter_spacing=&#8220;1&#8243; margin_bottom=&#8220;&#8220; font_family=&#8220;Source+Sans+Pro&#8220; font_type=&#8220;google&#8220; align=&#8220;center&#8220;]\n<p style=\"text-align: center;\">Rua da Bandeirinha 26, 4050-088 Porto<br \/>\n<a href=\"#\">+351\u00a0<\/a><a href=\"#\">965 427 555<\/a> \u00a0 <a href=\"mailto:book@casacamelia.pt\">book@casacamelia.pt<\/a><\/p>\n[\/mk_fancy_title][\/vc_column][vc_column width=&#8220;1\/4&#8243;][mk_padding_divider size=&#8220;108&#8243;][mk_social_networks size=&#8220;medium&#8220; style=&#8220;simple&#8220; margin=&#8220;15&#8243; icon_color=&#8220;#86704d&#8220; icon_hover_color=&#8220;#86704d&#8220; align=&#8220;center&#8220; facebook=&#8220;https:\/\/www.facebook.com\/casacamelia.porto&#8220; google_plus=&#8220;https:\/\/www.google.com\/maps\/place\/CASA+CAM%C3%89LIA\/@41.1450251,-8.6237727,17z\/data=!3m1!4b1!4m8!3m7!1s0xd24657598b343bb:0x3c6c1b9734d008ef!5m2!4m1!1i2!8m2!3d41.1449994!4d-8.6215559&#8243; instagram=&#8220;https:\/\/www.instagram.com\/casacamelia_porto\/?hl=pt&#8220;][\/vc_column][\/mk_page_section]\n<\/div>","protected":false},"excerpt":{"rendered":"<p>[mk_page_section bg_image=&#8220;https:\/\/www.casacamelia.pt\/wp-content\/uploads\/2019\/12\/boutique-hotel_reception-bell.jpg&#8220; bg_color=&#8220;#ffffff&#8220; bg_position=&#8220;center bottom&#8220; bg_repeat=&#8220;no-repeat&#8220; bg_stretch=&#8220;true&#8220; enable_3d=&#8220;true&#8220; min_height=&#8220;400&#8243; padding_top=&#8220;90&#8243; padding_bottom=&#8220;90&#8243; sidebar=&#8220;sidebar-1&#8243;][vc_column][\/vc_column][\/mk_page_section][mk_page_section bg_color=&#8220;#ffffff&#8220; bg_position=&#8220;right top&#8220; bg_repeat=&#8220;no-repeat&#8220; enable_3d=&#8220;true&#8220; speed_factor=&#8220;-0.15&#8243; min_height=&#8220;149&#8243; full_width=&#8220;true&#8220; padding_top=&#8220;60&#8243; padding_bottom=&#8220;30&#8243; el_class=&#8220;services-flower&#8220; sidebar=&#8220;sidebar-1&#8243;][vc_column width=&#8220;1\/4&#8243;][\/vc_column][vc_column width=&#8220;1\/2&#8243;][mk_fancy_title color=&#8220;#000000&#8243; size=&#8220;100&#8243; force_font_size=&#8220;true&#8220; size_tablet=&#8220;50&#8243; size_phone=&#8220;25&#8243; txt_transform=&#8220;uppercase&#8220; letter_spacing=&#8220;7&#8243; margin_bottom=&#8220;0&#8243; font_family=&#8220;none&#8220; align=&#8220;center&#8220;]Service[\/mk_fancy_title][vc_column_text disable_pattern=&#8220;false&#8220; align=&#8220;center&#8220; margin_bottom=&#8220;30&#8243; css=&#8220;.vc_custom_1606852955898{margin-bottom: 50px !important;}&#8220;]Das CASA CAM\u00c9LIA bietet seinen G\u00e4sten exzellenten Service. Zus\u00e4tzlich zu den unten ausgef\u00fchrten Dienstleistungen [&hellip;]<\/p>\n","protected":false},"author":1,"featured_media":0,"parent":0,"menu_order":0,"comment_status":"closed","ping_status":"closed","template":"","meta":{"_acf_changed":false,"rs_blank_template":"","rs_page_bg_color":"","slide_template_v7":"","footnotes":""},"class_list":["post-2338","page","type-page","status-publish","hentry"],"acf":[],"yoast_head":"<!-- This site is optimized with the Yoast SEO plugin v27.5 - https:\/\/yoast.com\/product\/yoast-seo-wordpress\/ -->\n<title>SERVICE - Casa Cam\u00e9lia<\/title>\n<meta name=\"robots\" content=\"index, follow, max-snippet:-1, max-image-preview:large, max-video-preview:-1\" \/>\n<link rel=\"canonical\" href=\"https:\/\/www.casacamelia.pt\/de\/services\/\" \/>\n<meta property=\"og:locale\" content=\"de_DE\" \/>\n<meta property=\"og:type\" content=\"article\" \/>\n<meta property=\"og:title\" content=\"SERVICE - Casa Cam\u00e9lia\" \/>\n<meta property=\"og:description\" content=\"[mk_page_section bg_image=&#8220;https:\/\/www.casacamelia.pt\/wp-content\/uploads\/2019\/12\/boutique-hotel_reception-bell.jpg&#8220; bg_color=&#8220;#ffffff&#8220; bg_position=&#8220;center bottom&#8220; bg_repeat=&#8220;no-repeat&#8220; bg_stretch=&#8220;true&#8220; enable_3d=&#8220;true&#8220; min_height=&#8220;400&#8243; padding_top=&#8220;90&#8243; padding_bottom=&#8220;90&#8243; sidebar=&#8220;sidebar-1&#8243;][vc_column][\/vc_column][\/mk_page_section][mk_page_section bg_color=&#8220;#ffffff&#8220; bg_position=&#8220;right top&#8220; bg_repeat=&#8220;no-repeat&#8220; enable_3d=&#8220;true&#8220; speed_factor=&#8220;-0.15&#8243; min_height=&#8220;149&#8243; full_width=&#8220;true&#8220; padding_top=&#8220;60&#8243; padding_bottom=&#8220;30&#8243; el_class=&#8220;services-flower&#8220; sidebar=&#8220;sidebar-1&#8243;][vc_column width=&#8220;1\/4&#8243;][\/vc_column][vc_column width=&#8220;1\/2&#8243;][mk_fancy_title color=&#8220;#000000&#8243; size=&#8220;100&#8243; force_font_size=&#8220;true&#8220; size_tablet=&#8220;50&#8243; size_phone=&#8220;25&#8243; txt_transform=&#8220;uppercase&#8220; letter_spacing=&#8220;7&#8243; margin_bottom=&#8220;0&#8243; font_family=&#8220;none&#8220; align=&#8220;center&#8220;]Service[\/mk_fancy_title][vc_column_text disable_pattern=&#8220;false&#8220; align=&#8220;center&#8220; margin_bottom=&#8220;30&#8243; css=&#8220;.vc_custom_1606852955898{margin-bottom: 50px !important;}&#8220;]Das CASA CAM\u00c9LIA bietet seinen G\u00e4sten exzellenten Service. Zus\u00e4tzlich zu den unten ausgef\u00fchrten Dienstleistungen [&hellip;]\" \/>\n<meta property=\"og:url\" content=\"https:\/\/www.casacamelia.pt\/de\/services\/\" \/>\n<meta property=\"og:site_name\" content=\"Casa Cam\u00e9lia\" \/>\n<meta property=\"article:modified_time\" content=\"2026-01-17T15:53:12+00:00\" \/>\n<meta name=\"twitter:card\" content=\"summary_large_image\" \/>\n<meta name=\"twitter:label1\" content=\"Gesch\u00e4tzte Lesezeit\" \/>\n\t<meta name=\"twitter:data1\" content=\"2\u00a0Minuten\" \/>\n<script type=\"application\/ld+json\" class=\"yoast-schema-graph\">{\"@context\":\"https:\\\/\\\/schema.org\",\"@graph\":[{\"@type\":\"WebPage\",\"@id\":\"https:\\\/\\\/www.casacamelia.pt\\\/de\\\/services\\\/\",\"url\":\"https:\\\/\\\/www.casacamelia.pt\\\/de\\\/services\\\/\",\"name\":\"SERVICE - Casa Cam\u00e9lia\",\"isPartOf\":{\"@id\":\"https:\\\/\\\/www.casacamelia.pt\\\/pt-pt\\\/#website\"},\"datePublished\":\"2019-03-18T12:42:57+00:00\",\"dateModified\":\"2026-01-17T15:53:12+00:00\",\"breadcrumb\":{\"@id\":\"https:\\\/\\\/www.casacamelia.pt\\\/de\\\/services\\\/#breadcrumb\"},\"inLanguage\":\"de\",\"potentialAction\":[{\"@type\":\"ReadAction\",\"target\":[\"https:\\\/\\\/www.casacamelia.pt\\\/de\\\/services\\\/\"]}]},{\"@type\":\"BreadcrumbList\",\"@id\":\"https:\\\/\\\/www.casacamelia.pt\\\/de\\\/services\\\/#breadcrumb\",\"itemListElement\":[{\"@type\":\"ListItem\",\"position\":1,\"name\":\"Home\",\"item\":\"https:\\\/\\\/www.casacamelia.pt\\\/de\\\/\"},{\"@type\":\"ListItem\",\"position\":2,\"name\":\"SERVICE\"}]},{\"@type\":\"WebSite\",\"@id\":\"https:\\\/\\\/www.casacamelia.pt\\\/pt-pt\\\/#website\",\"url\":\"https:\\\/\\\/www.casacamelia.pt\\\/pt-pt\\\/\",\"name\":\"Casa Cam\u00e9lia\",\"description\":\"\",\"potentialAction\":[{\"@type\":\"SearchAction\",\"target\":{\"@type\":\"EntryPoint\",\"urlTemplate\":\"https:\\\/\\\/www.casacamelia.pt\\\/pt-pt\\\/?s={search_term_string}\"},\"query-input\":{\"@type\":\"PropertyValueSpecification\",\"valueRequired\":true,\"valueName\":\"search_term_string\"}}],\"inLanguage\":\"de\"}]}<\/script>\n<!-- \/ Yoast SEO plugin. -->","yoast_head_json":{"title":"SERVICE - Casa Cam\u00e9lia","robots":{"index":"index","follow":"follow","max-snippet":"max-snippet:-1","max-image-preview":"max-image-preview:large","max-video-preview":"max-video-preview:-1"},"canonical":"https:\/\/www.casacamelia.pt\/de\/services\/","og_locale":"de_DE","og_type":"article","og_title":"SERVICE - Casa Cam\u00e9lia","og_description":"[mk_page_section bg_image=&#8220;https:\/\/www.casacamelia.pt\/wp-content\/uploads\/2019\/12\/boutique-hotel_reception-bell.jpg&#8220; bg_color=&#8220;#ffffff&#8220; bg_position=&#8220;center bottom&#8220; bg_repeat=&#8220;no-repeat&#8220; bg_stretch=&#8220;true&#8220; enable_3d=&#8220;true&#8220; min_height=&#8220;400&#8243; padding_top=&#8220;90&#8243; padding_bottom=&#8220;90&#8243; sidebar=&#8220;sidebar-1&#8243;][vc_column][\/vc_column][\/mk_page_section][mk_page_section bg_color=&#8220;#ffffff&#8220; bg_position=&#8220;right top&#8220; bg_repeat=&#8220;no-repeat&#8220; enable_3d=&#8220;true&#8220; speed_factor=&#8220;-0.15&#8243; min_height=&#8220;149&#8243; full_width=&#8220;true&#8220; padding_top=&#8220;60&#8243; padding_bottom=&#8220;30&#8243; el_class=&#8220;services-flower&#8220; sidebar=&#8220;sidebar-1&#8243;][vc_column width=&#8220;1\/4&#8243;][\/vc_column][vc_column width=&#8220;1\/2&#8243;][mk_fancy_title color=&#8220;#000000&#8243; size=&#8220;100&#8243; force_font_size=&#8220;true&#8220; size_tablet=&#8220;50&#8243; size_phone=&#8220;25&#8243; txt_transform=&#8220;uppercase&#8220; letter_spacing=&#8220;7&#8243; margin_bottom=&#8220;0&#8243; font_family=&#8220;none&#8220; align=&#8220;center&#8220;]Service[\/mk_fancy_title][vc_column_text disable_pattern=&#8220;false&#8220; align=&#8220;center&#8220; margin_bottom=&#8220;30&#8243; css=&#8220;.vc_custom_1606852955898{margin-bottom: 50px !important;}&#8220;]Das CASA CAM\u00c9LIA bietet seinen G\u00e4sten exzellenten Service. Zus\u00e4tzlich zu den unten ausgef\u00fchrten Dienstleistungen [&hellip;]","og_url":"https:\/\/www.casacamelia.pt\/de\/services\/","og_site_name":"Casa Cam\u00e9lia","article_modified_time":"2026-01-17T15:53:12+00:00","twitter_card":"summary_large_image","twitter_misc":{"Gesch\u00e4tzte Lesezeit":"2\u00a0Minuten"},"schema":{"@context":"https:\/\/schema.org","@graph":[{"@type":"WebPage","@id":"https:\/\/www.casacamelia.pt\/de\/services\/","url":"https:\/\/www.casacamelia.pt\/de\/services\/","name":"SERVICE - Casa Cam\u00e9lia","isPartOf":{"@id":"https:\/\/www.casacamelia.pt\/pt-pt\/#website"},"datePublished":"2019-03-18T12:42:57+00:00","dateModified":"2026-01-17T15:53:12+00:00","breadcrumb":{"@id":"https:\/\/www.casacamelia.pt\/de\/services\/#breadcrumb"},"inLanguage":"de","potentialAction":[{"@type":"ReadAction","target":["https:\/\/www.casacamelia.pt\/de\/services\/"]}]},{"@type":"BreadcrumbList","@id":"https:\/\/www.casacamelia.pt\/de\/services\/#breadcrumb","itemListElement":[{"@type":"ListItem","position":1,"name":"Home","item":"https:\/\/www.casacamelia.pt\/de\/"},{"@type":"ListItem","position":2,"name":"SERVICE"}]},{"@type":"WebSite","@id":"https:\/\/www.casacamelia.pt\/pt-pt\/#website","url":"https:\/\/www.casacamelia.pt\/pt-pt\/","name":"Casa Cam\u00e9lia","description":"","potentialAction":[{"@type":"SearchAction","target":{"@type":"EntryPoint","urlTemplate":"https:\/\/www.casacamelia.pt\/pt-pt\/?s={search_term_string}"},"query-input":{"@type":"PropertyValueSpecification","valueRequired":true,"valueName":"search_term_string"}}],"inLanguage":"de"}]}},"_links":{"self":[{"href":"https:\/\/www.casacamelia.pt\/de\/wp-json\/wp\/v2\/pages\/2338","targetHints":{"allow":["GET"]}}],"collection":[{"href":"https:\/\/www.casacamelia.pt\/de\/wp-json\/wp\/v2\/pages"}],"about":[{"href":"https:\/\/www.casacamelia.pt\/de\/wp-json\/wp\/v2\/types\/page"}],"author":[{"embeddable":true,"href":"https:\/\/www.casacamelia.pt\/de\/wp-json\/wp\/v2\/users\/1"}],"replies":[{"embeddable":true,"href":"https:\/\/www.casacamelia.pt\/de\/wp-json\/wp\/v2\/comments?post=2338"}],"version-history":[{"count":10,"href":"https:\/\/www.casacamelia.pt\/de\/wp-json\/wp\/v2\/pages\/2338\/revisions"}],"predecessor-version":[{"id":10527,"href":"https:\/\/www.casacamelia.pt\/de\/wp-json\/wp\/v2\/pages\/2338\/revisions\/10527"}],"wp:attachment":[{"href":"https:\/\/www.casacamelia.pt\/de\/wp-json\/wp\/v2\/media?parent=2338"}],"curies":[{"name":"wp","href":"https:\/\/api.w.org\/{rel}","templated":true}]}}