{"id":2280,"date":"2019-03-14T15:56:47","date_gmt":"2019-03-14T15:56:47","guid":{"rendered":"https:\/\/casacamelia.dev2.shareit.dev\/contacts\/"},"modified":"2022-01-31T15:56:45","modified_gmt":"2022-01-31T15:56:45","slug":"contacts","status":"publish","type":"page","link":"https:\/\/www.casacamelia.pt\/pt-pt\/contacts\/","title":{"rendered":"CONTACTO"},"content":{"rendered":"<div class=\"wpb-content-wrapper\">[mk_page_section bg_image=&#8221;https:\/\/www.casacamelia.pt\/wp-content\/uploads\/2019\/12\/boutique-hotel_pen.jpg&#8221; bg_color=&#8221;#ffffff&#8221; bg_position=&#8221;center center&#8221; bg_repeat=&#8221;no-repeat&#8221; bg_stretch=&#8221;true&#8221; enable_3d=&#8221;true&#8221; min_height=&#8221;400&#8243; padding_top=&#8221;90&#8243; padding_bottom=&#8221;90&#8243; sidebar=&#8221;sidebar-1&#8243;][vc_column][\/vc_column][\/mk_page_section][mk_page_section bg_color=&#8221;#ffffff&#8221; bg_position=&#8221;right top&#8221; bg_repeat=&#8221;no-repeat&#8221; full_width=&#8221;true&#8221; padding_top=&#8221;60&#8243; padding_bottom=&#8221;70&#8243; sidebar=&#8221;sidebar-1&#8243;][vc_column width=&#8221;1\/4&#8243;][\/vc_column][vc_column width=&#8221;1\/2&#8243;][mk_fancy_title color=&#8221;#000000&#8243; size=&#8221;100&#8243; force_font_size=&#8221;true&#8221; size_tablet=&#8221;50&#8243; size_phone=&#8221;25&#8243; txt_transform=&#8221;uppercase&#8221; letter_spacing=&#8221;7&#8243; margin_bottom=&#8221;0&#8243; font_family=&#8221;none&#8221; align=&#8221;center&#8221;]Contacto[\/mk_fancy_title][\/vc_column][vc_column width=&#8221;1\/4&#8243;][mk_image src=&#8221;https:\/\/www.casacamelia.pt\/wp-content\/uploads\/2018\/11\/flowers3.png&#8221; image_size=&#8221;full&#8221; pxs=&#8221;true&#8221; pxs_x=&#8221;0&#8243; pxs_y=&#8221;-100&#8243; pxs_z=&#8221;0&#8243;][\/vc_column][\/mk_page_section][mk_page_section bg_color=&#8221;#ffffff&#8221; bg_position=&#8221;right top&#8221; bg_repeat=&#8221;no-repeat&#8221; enable_3d=&#8221;true&#8221; full_width=&#8221;true&#8221; padding_top=&#8221;9&#8243; padding_bottom=&#8221;90&#8243; el_class=&#8221;contact-image-layer&#8221; sidebar=&#8221;sidebar-1&#8243;][vc_column][vc_row_inner is_fullwidth_content=&#8221;false&#8221;][vc_column_inner width=&#8221;1\/3&#8243;][mk_image src=&#8221;https:\/\/www.casacamelia.pt\/wp-content\/uploads\/2019\/06\/icon_location-1.png&#8221; image_size=&#8221;full&#8221; align=&#8221;center&#8221;][mk_fancy_title tag_name=&#8221;h3&#8243; color=&#8221;#000000&#8243; size=&#8221;18&#8243; force_font_size=&#8221;true&#8221; size_phone=&#8221;18&#8243; txt_transform=&#8221;uppercase&#8221; margin_bottom=&#8221;0&#8243; font_family=&#8221;none&#8221; align=&#8221;center&#8221;]Endere\u00e7o[\/mk_fancy_title][vc_column_text disable_pattern=&#8221;false&#8221; align=&#8221;center&#8221; margin_bottom=&#8221;30&#8243; css=&#8221;.vc_custom_1571491414981{margin-bottom: 50px !important;}&#8221;]Rua da Bandeirinha 26<br \/>\n4050-088 Porto[\/vc_column_text][\/vc_column_inner][vc_column_inner width=&#8221;1\/3&#8243;][mk_image src=&#8221;https:\/\/www.casacamelia.pt\/wp-content\/uploads\/2019\/06\/icon_phone.png&#8221; image_size=&#8221;full&#8221; align=&#8221;center&#8221;][mk_fancy_title tag_name=&#8221;h3&#8243; color=&#8221;#000000&#8243; size=&#8221;18&#8243; force_font_size=&#8221;true&#8221; size_phone=&#8221;18&#8243; txt_transform=&#8221;uppercase&#8221; margin_bottom=&#8221;0&#8243; font_family=&#8221;none&#8221; align=&#8221;center&#8221;]Telefone[\/mk_fancy_title][vc_column_text disable_pattern=&#8221;false&#8221; align=&#8221;center&#8221; margin_bottom=&#8221;30&#8243; css=&#8221;.vc_custom_1606214878658{margin-bottom: 50px !important;}&#8221;]<span style=\"color: #86704d;\"><a style=\"color: #86704d;\" href=\"https:\/\/www.casacamelia.pt\/contacts\/?preview_id=660&amp;preview_nonce=345ae3910e&amp;_thumbnail_id=-1&amp;preview=true#\">+351\u00a0<\/a><a style=\"color: #86704d;\" href=\"#\">965 427 555<\/a><\/span>[\/vc_column_text][\/vc_column_inner][vc_column_inner width=&#8221;1\/3&#8243;][mk_image src=&#8221;https:\/\/www.casacamelia.pt\/wp-content\/uploads\/2019\/06\/icon_contact.png&#8221; image_size=&#8221;full&#8221; align=&#8221;center&#8221;][mk_fancy_title tag_name=&#8221;h3&#8243; color=&#8221;#000000&#8243; size=&#8221;18&#8243; force_font_size=&#8221;true&#8221; size_phone=&#8221;18&#8243; txt_transform=&#8221;uppercase&#8221; margin_bottom=&#8221;0&#8243; font_family=&#8221;none&#8221; align=&#8221;center&#8221;]Email[\/mk_fancy_title][vc_column_text disable_pattern=&#8221;false&#8221; align=&#8221;center&#8221; margin_bottom=&#8221;30&#8243; css=&#8221;.vc_custom_1606214889309{margin-bottom: 50px !important;}&#8221;]<span style=\"color: #86704d;\"><a style=\"color: #86704d;\" href=\"https:\/\/www.casacamelia.pt\/?preview_id=4&amp;preview_nonce=f09f3b43a7&amp;_thumbnail_id=-1&amp;preview=true#\">book@casacamelia.pt\u00a0<\/a><\/span>[\/vc_column_text][\/vc_column_inner][\/vc_row_inner][vc_row_inner is_fullwidth_content=&#8221;false&#8221;][vc_column_inner][mk_padding_divider][mk_fancy_title tag_name=&#8221;h3&#8243; size=&#8221;30&#8243; font_family=&#8221;none&#8221;]\n<p style=\"text-align: center;\">LOCALIZA\u00c7\u00c3O<\/p>\n[\/mk_fancy_title][vc_column_text css=&#8221;.vc_custom_1607371531486{margin-bottom: 0px !important;}&#8221;]\n<p style=\"text-align: center;\">A casa situa-se na Rua da Bandeirinha no n\u00famero 26, mesmo ao lado do centro hist\u00f3rico da cidade do Porto, na freguesia de Miragaia. Miragaia \u00e9 uma freguesia bastante agrad\u00e1vel e tranquila, com habitantes locais, e a Rua da Bandeirinha \u00e9 uma rua estreita, de apenas um sentido e com pouco tr\u00e2nsito. A propriedade fica numa encosta com vista para o rio Douro.<br \/>\nAs principais atra\u00e7\u00f5es tur\u00edsticas, o rio, bem como restaurantes e bares, encontram-se a uma curta dist\u00e2ncia a p\u00e9 de apenas alguns minutos.<br \/>\nRecentemente, foi constru\u00edda uma escada rolante que liga a Alf\u00e2ndega\/Ribeira \u00e0 Rua do Monte dos Judeus, que fica imediatamente abaixo da nossa propriedade. Existem paragens de autocarro e paragens dos carros \u00e9lectricos a a apenas uma caminhada.<\/p>\n[\/vc_column_text][mk_padding_divider size=&#8221;10&#8243;][mk_button dimension=&#8221;outline&#8221; size=&#8221;large&#8221; letter_spacing=&#8221;4&#8243; url=&#8221;#map&#8221; align=&#8221;center&#8221; margin_bottom=&#8221;0&#8243; margin_right=&#8221;0&#8243; outline_skin=&#8221;custom&#8221; outline_active_text_color=&#8221;#86704d&#8221; outline_hover_bg_color=&#8221;#86704d&#8221; outline_hover_color=&#8221;#ffffff&#8221;]VER MAPA[\/mk_button][\/vc_column_inner][\/vc_row_inner][\/vc_column][\/mk_page_section][mk_page_section bg_image=&#8221;https:\/\/www.casacamelia.pt\/wp-content\/uploads\/2018\/11\/pattern5.png&#8221; bg_repeat=&#8221;no-repeat&#8221; enable_3d=&#8221;true&#8221; sidebar=&#8221;custom_sidebar&#8221;][vc_column width=&#8221;1\/6&#8243;][\/vc_column][vc_column width=&#8221;2\/3&#8243; css=&#8221;.vc_custom_1552585764635{margin-top: 60px !important;margin-bottom: 60px !important;border-top-width: 2px !important;border-right-width: 2px !important;border-bottom-width: 2px !important;border-left-width: 2px !important;padding-top: 60px !important;padding-right: 60px !important;padding-bottom: 60px !important;padding-left: 60px !important;background-color: #ffffff !important;border-left-color: #86704d !important;border-left-style: solid !important;border-right-color: #86704d !important;border-right-style: solid !important;border-top-color: #86704d !important;border-top-style: solid !important;border-bottom-color: #86704d !important;border-bottom-style: solid !important;}&#8221;][mk_fancy_title tag_name=&#8221;h3&#8243; color=&#8221;#000000&#8243; size=&#8221;30&#8243; force_font_size=&#8221;true&#8221; size_phone=&#8221;20&#8243; txt_transform=&#8221;uppercase&#8221; margin_bottom=&#8221;0&#8243; font_family=&#8221;none&#8221; align=&#8221;center&#8221;]contacte-nos[\/mk_fancy_title]\n<div class=\"wpcf7 no-js\" id=\"wpcf7-f251-o1\" lang=\"pt-PT\" dir=\"ltr\" data-wpcf7-id=\"251\">\n<div class=\"screen-reader-response\"><p role=\"status\" aria-live=\"polite\" aria-atomic=\"true\"><\/p> <ul><\/ul><\/div>\n<form action=\"\/pt-pt\/wp-json\/wp\/v2\/pages\/2280#wpcf7-f251-o1\" method=\"post\" class=\"wpcf7-form init\" aria-label=\"Formul\u00e1rio de contacto\" novalidate=\"novalidate\" data-status=\"init\">\n<fieldset class=\"hidden-fields-container\"><input type=\"hidden\" name=\"_wpcf7\" value=\"251\" \/><input type=\"hidden\" name=\"_wpcf7_version\" value=\"6.1.5\" \/><input type=\"hidden\" name=\"_wpcf7_locale\" value=\"pt_PT\" \/><input type=\"hidden\" name=\"_wpcf7_unit_tag\" value=\"wpcf7-f251-o1\" \/><input type=\"hidden\" name=\"_wpcf7_container_post\" value=\"0\" \/><input type=\"hidden\" name=\"_wpcf7_posted_data_hash\" value=\"\" \/><input type=\"hidden\" name=\"_wpcf7_recaptcha_response\" value=\"\" \/>\n<\/fieldset>\n<p><label> First name *<br \/>\n<span class=\"wpcf7-form-control-wrap\" data-name=\"your-name\"><input size=\"40\" maxlength=\"400\" class=\"wpcf7-form-control wpcf7-text wpcf7-validates-as-required\" aria-required=\"true\" aria-invalid=\"false\" value=\"\" type=\"text\" name=\"your-name\" \/><\/span> <\/label>\n<\/p>\n<p><label> Last name *<br \/>\n<span class=\"wpcf7-form-control-wrap\" data-name=\"your-surname\"><input size=\"40\" maxlength=\"400\" class=\"wpcf7-form-control wpcf7-text wpcf7-validates-as-required\" aria-required=\"true\" aria-invalid=\"false\" value=\"\" type=\"text\" name=\"your-surname\" \/><\/span> <\/label>\n<\/p>\n<p><label> Your email *<br \/>\n<span class=\"wpcf7-form-control-wrap\" data-name=\"your-email\"><input size=\"40\" maxlength=\"400\" class=\"wpcf7-form-control wpcf7-email wpcf7-validates-as-required wpcf7-text wpcf7-validates-as-email\" aria-required=\"true\" aria-invalid=\"false\" value=\"\" type=\"email\" name=\"your-email\" \/><\/span> <\/label>\n<\/p>\n<p><label> Phone<br \/>\n<span class=\"wpcf7-form-control-wrap\" data-name=\"tel\"><input size=\"40\" maxlength=\"400\" class=\"wpcf7-form-control wpcf7-tel wpcf7-text wpcf7-validates-as-tel\" aria-invalid=\"false\" value=\"\" type=\"tel\" name=\"tel\" \/><\/span> <\/label>\n<\/p>\n<p><label> Country<br \/>\n<span class=\"wpcf7-form-control-wrap\" data-name=\"country\"><input size=\"40\" maxlength=\"400\" class=\"wpcf7-form-control wpcf7-text\" aria-invalid=\"false\" value=\"\" type=\"text\" name=\"country\" \/><\/span> <\/label>\n<\/p>\n<p><label> Your message<br \/>\n<span class=\"wpcf7-form-control-wrap\" data-name=\"your-message\"><textarea cols=\"40\" rows=\"10\" maxlength=\"2000\" class=\"wpcf7-form-control wpcf7-textarea\" aria-invalid=\"false\" name=\"your-message\"><\/textarea><\/span> <\/label>\n<\/p>\n<p class=\"cf7check\"><span class=\"wpcf7-form-control-wrap\" data-name=\"acceptance-376\"><span class=\"wpcf7-form-control wpcf7-acceptance\"><span class=\"wpcf7-list-item\"><label><input type=\"checkbox\" name=\"acceptance-376\" value=\"1\" aria-invalid=\"false\" \/><span class=\"wpcf7-list-item-label\">I accept the terms and conditions. <a href=\"https:\/\/www.casacamelia.pt\/terms-and-conditions\/\">More info <\/a><\/span><\/label><\/span><\/span><\/span>\n<\/p>\n<p><input class=\"wpcf7-form-control wpcf7-submit has-spinner\" type=\"submit\" value=\"Submit\" \/>\n<\/p><div class=\"wpcf7-response-output\" aria-hidden=\"true\"><\/div>\n<\/form>\n<\/div>\n[\/vc_column][vc_column width=&#8221;1\/6&#8243;][\/vc_column][\/mk_page_section][vc_row fullwidth=&#8221;true&#8221; id=&#8221;map&#8221;][vc_column][mk_padding_divider size=&#8221;60&#8243;][mk_advanced_gmaps custom_markers=&#8221;true&#8221; latitude=&#8221;41.145028&#8243; longitude=&#8221;-8.621678&#8243; address=&#8221;Rua da Bandeirinha 26, 4050-088 Porto&#8221; custom_marker_1=&#8221;https:\/\/www.casacamelia.pt\/wp-content\/uploads\/2019\/03\/map.png&#8221; height=&#8221;500&#8243; modify_json=&#8221;true&#8221; map_json=&#8221;JTVCJTdCJTIyZmVhdHVyZVR5cGUlMjIlM0ElMjJhbGwlMjIlMkMlMjJlbGVtZW50VHlwZSUyMiUzQSUyMmFsbCUyMiUyQyUyMnN0eWxlcnMlMjIlM0ElNUIlN0IlMjJ2aXNpYmlsaXR5JTIyJTNBJTIyb24lMjIlN0QlMkMlN0IlMjJzYXR1cmF0aW9uJTIyJTNBJTIyLTQyJTIyJTdEJTJDJTdCJTIybGlnaHRuZXNzJTIyJTNBJTIyMCUyMiU3RCUyQyU3QiUyMmh1ZSUyMiUzQSUyMiUyMzg2NzA0ZCUyMCUyMiU3RCUyQyU3QiUyMmdhbW1hJTIyJTNBJTIyMSUyMiU3RCU1RCU3RCU1RA==&#8221;][\/vc_column][\/vc_row][mk_page_section bg_color=&#8221;#f3efe9&#8243; bg_position=&#8221;center center&#8221; bg_repeat=&#8221;no-repeat&#8221; bg_stretch=&#8221;true&#8221; enable_3d=&#8221;true&#8221; js_vertical_centered=&#8221;true&#8221; padding_top=&#8221;90&#8243; padding_bottom=&#8221;90&#8243; sidebar=&#8221;sidebar-1&#8243;][vc_column width=&#8221;1\/4&#8243;][mk_padding_divider size=&#8221;120&#8243;][mk_fancy_title size=&#8221;40&#8243; force_font_size=&#8221;true&#8221; size_phone=&#8221;25&#8243; txt_transform=&#8221;uppercase&#8221; margin_bottom=&#8221;0&#8243; font_family=&#8221;none&#8221; align=&#8221;center&#8221;]contacte-nos[\/mk_fancy_title][\/vc_column][vc_column width=&#8221;1\/2&#8243;][mk_image src=&#8221;https:\/\/www.casacamelia.pt\/wp-content\/uploads\/2020\/01\/casacamelia_brown_v1.png&#8221; image_size=&#8221;full&#8221; align=&#8221;center&#8221;][mk_padding_divider size=&#8221;35&#8243;][mk_fancy_title tag_name=&#8221;h6&#8243; color=&#8221;#86704d&#8221; size=&#8221;16&#8243; font_weight=&#8221;400&#8243; letter_spacing=&#8221;1&#8243; margin_bottom=&#8221;&#8221; font_family=&#8221;Source+Sans+Pro&#8221; font_type=&#8221;google&#8221; align=&#8221;center&#8221;]\n<p style=\"text-align: center;\">Rua da Bandeirinha 26, 4050-088 Porto<br \/>\n<a href=\"#\">+351\u00a0<\/a><a href=\"#\">965 427 555<\/a> \u00a0 <a href=\"mailto:book@casacamelia.pt\">book@casacamelia.pt<\/a><\/p>\n[\/mk_fancy_title][\/vc_column][vc_column width=&#8221;1\/4&#8243;][mk_padding_divider size=&#8221;108&#8243;][mk_social_networks size=&#8221;medium&#8221; style=&#8221;simple&#8221; margin=&#8221;15&#8243; icon_color=&#8221;#86704d&#8221; icon_hover_color=&#8221;#86704d&#8221; align=&#8221;center&#8221; facebook=&#8221;https:\/\/www.facebook.com\/casacamelia.porto&#8221; google_plus=&#8221;https:\/\/www.google.com\/maps\/place\/CASA+CAM%C3%89LIA\/@41.1450251,-8.6237727,17z\/data=!3m1!4b1!4m8!3m7!1s0xd24657598b343bb:0x3c6c1b9734d008ef!5m2!4m1!1i2!8m2!3d41.1449994!4d-8.6215559&#8243; instagram=&#8221;https:\/\/www.instagram.com\/casacamelia_porto\/?hl=pt&#8221;][\/vc_column][\/mk_page_section]\n<\/div>","protected":false},"excerpt":{"rendered":"<p>[mk_page_section bg_image=&#8221;https:\/\/www.casacamelia.pt\/wp-content\/uploads\/2019\/12\/boutique-hotel_pen.jpg&#8221; bg_color=&#8221;#ffffff&#8221; bg_position=&#8221;center center&#8221; bg_repeat=&#8221;no-repeat&#8221; bg_stretch=&#8221;true&#8221; enable_3d=&#8221;true&#8221; min_height=&#8221;400&#8243; padding_top=&#8221;90&#8243; padding_bottom=&#8221;90&#8243; sidebar=&#8221;sidebar-1&#8243;][vc_column][\/vc_column][\/mk_page_section][mk_page_section bg_color=&#8221;#ffffff&#8221; bg_position=&#8221;right top&#8221; bg_repeat=&#8221;no-repeat&#8221; full_width=&#8221;true&#8221; padding_top=&#8221;60&#8243; padding_bottom=&#8221;70&#8243; sidebar=&#8221;sidebar-1&#8243;][vc_column width=&#8221;1\/4&#8243;][\/vc_column][vc_column width=&#8221;1\/2&#8243;][mk_fancy_title color=&#8221;#000000&#8243; size=&#8221;100&#8243; force_font_size=&#8221;true&#8221; size_tablet=&#8221;50&#8243; size_phone=&#8221;25&#8243; txt_transform=&#8221;uppercase&#8221; letter_spacing=&#8221;7&#8243; margin_bottom=&#8221;0&#8243; font_family=&#8221;none&#8221; align=&#8221;center&#8221;]Contacto[\/mk_fancy_title][\/vc_column][vc_column width=&#8221;1\/4&#8243;][mk_image src=&#8221;https:\/\/www.casacamelia.pt\/wp-content\/uploads\/2018\/11\/flowers3.png&#8221; image_size=&#8221;full&#8221; pxs=&#8221;true&#8221; pxs_x=&#8221;0&#8243; pxs_y=&#8221;-100&#8243; pxs_z=&#8221;0&#8243;][\/vc_column][\/mk_page_section][mk_page_section bg_color=&#8221;#ffffff&#8221; bg_position=&#8221;right top&#8221; bg_repeat=&#8221;no-repeat&#8221; enable_3d=&#8221;true&#8221; full_width=&#8221;true&#8221; padding_top=&#8221;9&#8243; padding_bottom=&#8221;90&#8243; el_class=&#8221;contact-image-layer&#8221; sidebar=&#8221;sidebar-1&#8243;][vc_column][vc_row_inner is_fullwidth_content=&#8221;false&#8221;][vc_column_inner width=&#8221;1\/3&#8243;][mk_image src=&#8221;https:\/\/www.casacamelia.pt\/wp-content\/uploads\/2019\/06\/icon_location-1.png&#8221; image_size=&#8221;full&#8221; align=&#8221;center&#8221;][mk_fancy_title tag_name=&#8221;h3&#8243; [&hellip;]<\/p>\n","protected":false},"author":1,"featured_media":0,"parent":0,"menu_order":0,"comment_status":"closed","ping_status":"closed","template":"","meta":{"_acf_changed":false,"rs_blank_template":"","rs_page_bg_color":"","slide_template_v7":"","footnotes":""},"class_list":["post-2280","page","type-page","status-publish","hentry"],"acf":[],"yoast_head":"<!-- This site is optimized with the Yoast SEO plugin v27.5 - https:\/\/yoast.com\/product\/yoast-seo-wordpress\/ -->\n<title>CONTACTO - Casa Cam\u00e9lia<\/title>\n<meta name=\"robots\" content=\"index, follow, max-snippet:-1, max-image-preview:large, max-video-preview:-1\" \/>\n<link rel=\"canonical\" href=\"https:\/\/www.casacamelia.pt\/pt-pt\/contacts\/\" \/>\n<meta property=\"og:locale\" content=\"pt_PT\" \/>\n<meta property=\"og:type\" content=\"article\" \/>\n<meta property=\"og:title\" content=\"CONTACTO - Casa Cam\u00e9lia\" \/>\n<meta property=\"og:description\" content=\"[mk_page_section bg_image=&#8221;https:\/\/www.casacamelia.pt\/wp-content\/uploads\/2019\/12\/boutique-hotel_pen.jpg&#8221; bg_color=&#8221;#ffffff&#8221; bg_position=&#8221;center center&#8221; bg_repeat=&#8221;no-repeat&#8221; bg_stretch=&#8221;true&#8221; enable_3d=&#8221;true&#8221; min_height=&#8221;400&#8243; padding_top=&#8221;90&#8243; padding_bottom=&#8221;90&#8243; sidebar=&#8221;sidebar-1&#8243;][vc_column][\/vc_column][\/mk_page_section][mk_page_section bg_color=&#8221;#ffffff&#8221; bg_position=&#8221;right top&#8221; bg_repeat=&#8221;no-repeat&#8221; full_width=&#8221;true&#8221; padding_top=&#8221;60&#8243; padding_bottom=&#8221;70&#8243; sidebar=&#8221;sidebar-1&#8243;][vc_column width=&#8221;1\/4&#8243;][\/vc_column][vc_column width=&#8221;1\/2&#8243;][mk_fancy_title color=&#8221;#000000&#8243; size=&#8221;100&#8243; force_font_size=&#8221;true&#8221; size_tablet=&#8221;50&#8243; size_phone=&#8221;25&#8243; txt_transform=&#8221;uppercase&#8221; letter_spacing=&#8221;7&#8243; margin_bottom=&#8221;0&#8243; font_family=&#8221;none&#8221; align=&#8221;center&#8221;]Contacto[\/mk_fancy_title][\/vc_column][vc_column width=&#8221;1\/4&#8243;][mk_image src=&#8221;https:\/\/www.casacamelia.pt\/wp-content\/uploads\/2018\/11\/flowers3.png&#8221; image_size=&#8221;full&#8221; pxs=&#8221;true&#8221; pxs_x=&#8221;0&#8243; pxs_y=&#8221;-100&#8243; pxs_z=&#8221;0&#8243;][\/vc_column][\/mk_page_section][mk_page_section bg_color=&#8221;#ffffff&#8221; bg_position=&#8221;right top&#8221; bg_repeat=&#8221;no-repeat&#8221; enable_3d=&#8221;true&#8221; full_width=&#8221;true&#8221; padding_top=&#8221;9&#8243; padding_bottom=&#8221;90&#8243; el_class=&#8221;contact-image-layer&#8221; sidebar=&#8221;sidebar-1&#8243;][vc_column][vc_row_inner is_fullwidth_content=&#8221;false&#8221;][vc_column_inner width=&#8221;1\/3&#8243;][mk_image src=&#8221;https:\/\/www.casacamelia.pt\/wp-content\/uploads\/2019\/06\/icon_location-1.png&#8221; image_size=&#8221;full&#8221; align=&#8221;center&#8221;][mk_fancy_title tag_name=&#8221;h3&#8243; [&hellip;]\" \/>\n<meta property=\"og:url\" content=\"https:\/\/www.casacamelia.pt\/pt-pt\/contacts\/\" \/>\n<meta property=\"og:site_name\" content=\"Casa Cam\u00e9lia\" \/>\n<meta property=\"article:modified_time\" content=\"2022-01-31T15:56:45+00:00\" \/>\n<meta name=\"twitter:card\" content=\"summary_large_image\" \/>\n<meta name=\"twitter:label1\" content=\"Tempo estimado de leitura\" \/>\n\t<meta name=\"twitter:data1\" content=\"2 minutos\" \/>\n<script type=\"application\/ld+json\" class=\"yoast-schema-graph\">{\"@context\":\"https:\\\/\\\/schema.org\",\"@graph\":[{\"@type\":\"WebPage\",\"@id\":\"https:\\\/\\\/www.casacamelia.pt\\\/pt-pt\\\/contacts\\\/\",\"url\":\"https:\\\/\\\/www.casacamelia.pt\\\/pt-pt\\\/contacts\\\/\",\"name\":\"CONTACTO - Casa Cam\u00e9lia\",\"isPartOf\":{\"@id\":\"https:\\\/\\\/www.casacamelia.pt\\\/pt-pt\\\/#website\"},\"datePublished\":\"2019-03-14T15:56:47+00:00\",\"dateModified\":\"2022-01-31T15:56:45+00:00\",\"breadcrumb\":{\"@id\":\"https:\\\/\\\/www.casacamelia.pt\\\/pt-pt\\\/contacts\\\/#breadcrumb\"},\"inLanguage\":\"pt-PT\",\"potentialAction\":[{\"@type\":\"ReadAction\",\"target\":[\"https:\\\/\\\/www.casacamelia.pt\\\/pt-pt\\\/contacts\\\/\"]}]},{\"@type\":\"BreadcrumbList\",\"@id\":\"https:\\\/\\\/www.casacamelia.pt\\\/pt-pt\\\/contacts\\\/#breadcrumb\",\"itemListElement\":[{\"@type\":\"ListItem\",\"position\":1,\"name\":\"Home\",\"item\":\"https:\\\/\\\/www.casacamelia.pt\\\/pt-pt\\\/\"},{\"@type\":\"ListItem\",\"position\":2,\"name\":\"CONTACTO\"}]},{\"@type\":\"WebSite\",\"@id\":\"https:\\\/\\\/www.casacamelia.pt\\\/pt-pt\\\/#website\",\"url\":\"https:\\\/\\\/www.casacamelia.pt\\\/pt-pt\\\/\",\"name\":\"Casa Cam\u00e9lia\",\"description\":\"\",\"potentialAction\":[{\"@type\":\"SearchAction\",\"target\":{\"@type\":\"EntryPoint\",\"urlTemplate\":\"https:\\\/\\\/www.casacamelia.pt\\\/pt-pt\\\/?s={search_term_string}\"},\"query-input\":{\"@type\":\"PropertyValueSpecification\",\"valueRequired\":true,\"valueName\":\"search_term_string\"}}],\"inLanguage\":\"pt-PT\"}]}<\/script>\n<!-- \/ Yoast SEO plugin. -->","yoast_head_json":{"title":"CONTACTO - Casa Cam\u00e9lia","robots":{"index":"index","follow":"follow","max-snippet":"max-snippet:-1","max-image-preview":"max-image-preview:large","max-video-preview":"max-video-preview:-1"},"canonical":"https:\/\/www.casacamelia.pt\/pt-pt\/contacts\/","og_locale":"pt_PT","og_type":"article","og_title":"CONTACTO - Casa Cam\u00e9lia","og_description":"[mk_page_section bg_image=&#8221;https:\/\/www.casacamelia.pt\/wp-content\/uploads\/2019\/12\/boutique-hotel_pen.jpg&#8221; bg_color=&#8221;#ffffff&#8221; bg_position=&#8221;center center&#8221; bg_repeat=&#8221;no-repeat&#8221; bg_stretch=&#8221;true&#8221; enable_3d=&#8221;true&#8221; min_height=&#8221;400&#8243; padding_top=&#8221;90&#8243; padding_bottom=&#8221;90&#8243; sidebar=&#8221;sidebar-1&#8243;][vc_column][\/vc_column][\/mk_page_section][mk_page_section bg_color=&#8221;#ffffff&#8221; bg_position=&#8221;right top&#8221; bg_repeat=&#8221;no-repeat&#8221; full_width=&#8221;true&#8221; padding_top=&#8221;60&#8243; padding_bottom=&#8221;70&#8243; sidebar=&#8221;sidebar-1&#8243;][vc_column width=&#8221;1\/4&#8243;][\/vc_column][vc_column width=&#8221;1\/2&#8243;][mk_fancy_title color=&#8221;#000000&#8243; size=&#8221;100&#8243; force_font_size=&#8221;true&#8221; size_tablet=&#8221;50&#8243; size_phone=&#8221;25&#8243; txt_transform=&#8221;uppercase&#8221; letter_spacing=&#8221;7&#8243; margin_bottom=&#8221;0&#8243; font_family=&#8221;none&#8221; align=&#8221;center&#8221;]Contacto[\/mk_fancy_title][\/vc_column][vc_column width=&#8221;1\/4&#8243;][mk_image src=&#8221;https:\/\/www.casacamelia.pt\/wp-content\/uploads\/2018\/11\/flowers3.png&#8221; image_size=&#8221;full&#8221; pxs=&#8221;true&#8221; pxs_x=&#8221;0&#8243; pxs_y=&#8221;-100&#8243; pxs_z=&#8221;0&#8243;][\/vc_column][\/mk_page_section][mk_page_section bg_color=&#8221;#ffffff&#8221; bg_position=&#8221;right top&#8221; bg_repeat=&#8221;no-repeat&#8221; enable_3d=&#8221;true&#8221; full_width=&#8221;true&#8221; padding_top=&#8221;9&#8243; padding_bottom=&#8221;90&#8243; el_class=&#8221;contact-image-layer&#8221; sidebar=&#8221;sidebar-1&#8243;][vc_column][vc_row_inner is_fullwidth_content=&#8221;false&#8221;][vc_column_inner width=&#8221;1\/3&#8243;][mk_image src=&#8221;https:\/\/www.casacamelia.pt\/wp-content\/uploads\/2019\/06\/icon_location-1.png&#8221; image_size=&#8221;full&#8221; align=&#8221;center&#8221;][mk_fancy_title tag_name=&#8221;h3&#8243; [&hellip;]","og_url":"https:\/\/www.casacamelia.pt\/pt-pt\/contacts\/","og_site_name":"Casa Cam\u00e9lia","article_modified_time":"2022-01-31T15:56:45+00:00","twitter_card":"summary_large_image","twitter_misc":{"Tempo estimado de leitura":"2 minutos"},"schema":{"@context":"https:\/\/schema.org","@graph":[{"@type":"WebPage","@id":"https:\/\/www.casacamelia.pt\/pt-pt\/contacts\/","url":"https:\/\/www.casacamelia.pt\/pt-pt\/contacts\/","name":"CONTACTO - Casa Cam\u00e9lia","isPartOf":{"@id":"https:\/\/www.casacamelia.pt\/pt-pt\/#website"},"datePublished":"2019-03-14T15:56:47+00:00","dateModified":"2022-01-31T15:56:45+00:00","breadcrumb":{"@id":"https:\/\/www.casacamelia.pt\/pt-pt\/contacts\/#breadcrumb"},"inLanguage":"pt-PT","potentialAction":[{"@type":"ReadAction","target":["https:\/\/www.casacamelia.pt\/pt-pt\/contacts\/"]}]},{"@type":"BreadcrumbList","@id":"https:\/\/www.casacamelia.pt\/pt-pt\/contacts\/#breadcrumb","itemListElement":[{"@type":"ListItem","position":1,"name":"Home","item":"https:\/\/www.casacamelia.pt\/pt-pt\/"},{"@type":"ListItem","position":2,"name":"CONTACTO"}]},{"@type":"WebSite","@id":"https:\/\/www.casacamelia.pt\/pt-pt\/#website","url":"https:\/\/www.casacamelia.pt\/pt-pt\/","name":"Casa Cam\u00e9lia","description":"","potentialAction":[{"@type":"SearchAction","target":{"@type":"EntryPoint","urlTemplate":"https:\/\/www.casacamelia.pt\/pt-pt\/?s={search_term_string}"},"query-input":{"@type":"PropertyValueSpecification","valueRequired":true,"valueName":"search_term_string"}}],"inLanguage":"pt-PT"}]}},"_links":{"self":[{"href":"https:\/\/www.casacamelia.pt\/pt-pt\/wp-json\/wp\/v2\/pages\/2280","targetHints":{"allow":["GET"]}}],"collection":[{"href":"https:\/\/www.casacamelia.pt\/pt-pt\/wp-json\/wp\/v2\/pages"}],"about":[{"href":"https:\/\/www.casacamelia.pt\/pt-pt\/wp-json\/wp\/v2\/types\/page"}],"author":[{"embeddable":true,"href":"https:\/\/www.casacamelia.pt\/pt-pt\/wp-json\/wp\/v2\/users\/1"}],"replies":[{"embeddable":true,"href":"https:\/\/www.casacamelia.pt\/pt-pt\/wp-json\/wp\/v2\/comments?post=2280"}],"version-history":[{"count":10,"href":"https:\/\/www.casacamelia.pt\/pt-pt\/wp-json\/wp\/v2\/pages\/2280\/revisions"}],"predecessor-version":[{"id":3686,"href":"https:\/\/www.casacamelia.pt\/pt-pt\/wp-json\/wp\/v2\/pages\/2280\/revisions\/3686"}],"wp:attachment":[{"href":"https:\/\/www.casacamelia.pt\/pt-pt\/wp-json\/wp\/v2\/media?parent=2280"}],"curies":[{"name":"wp","href":"https:\/\/api.w.org\/{rel}","templated":true}]}}