{"id":2284,"date":"2019-04-08T17:29:51","date_gmt":"2019-04-08T17:29:51","guid":{"rendered":"https:\/\/casacamelia.dev2.shareit.dev\/garden\/"},"modified":"2022-01-08T15:41:26","modified_gmt":"2022-01-08T15:41:26","slug":"garden","status":"publish","type":"page","link":"https:\/\/www.casacamelia.pt\/pt-pt\/garden\/","title":{"rendered":"JARDIM"},"content":{"rendered":"[mk_page_section bg_image=&#8221;https:\/\/www.casacamelia.pt\/wp-content\/uploads\/2019\/10\/dsc01182.jpg&#8221; bg_color=&#8221;#ffffff&#8221; bg_position=&#8221;center center&#8221; bg_repeat=&#8221;no-repeat&#8221; bg_stretch=&#8221;true&#8221; enable_3d=&#8221;true&#8221; min_height=&#8221;400&#8243; padding_top=&#8221;90&#8243; padding_bottom=&#8221;90&#8243; sidebar=&#8221;sidebar-1&#8243;][vc_column][\/vc_column][\/mk_page_section][mk_page_section bg_color=&#8221;#ffffff&#8221; bg_position=&#8221;right top&#8221; bg_repeat=&#8221;no-repeat&#8221; enable_3d=&#8221;true&#8221; speed_factor=&#8221;-0.1&#8243; min_height=&#8221;70&#8243; full_width=&#8221;true&#8221; padding_top=&#8221;60&#8243; el_class=&#8221;garden-flower&#8221; sidebar=&#8221;sidebar-1&#8243;][vc_column width=&#8221;1\/4&#8243;][\/vc_column][vc_column width=&#8221;1\/2&#8243;][mk_fancy_title color=&#8221;#000000&#8243; size=&#8221;100&#8243; force_font_size=&#8221;true&#8221; size_tablet=&#8221;50&#8243; size_phone=&#8221;25&#8243; txt_transform=&#8221;uppercase&#8221; letter_spacing=&#8221;7&#8243; margin_bottom=&#8221;0&#8243; font_family=&#8221;none&#8221; align=&#8221;center&#8221;]O jardim[\/mk_fancy_title][vc_column_text css=&#8221;.vc_custom_1607367745606{margin-bottom: 0px !important;}&#8221;]\n<p style=\"text-align: center;\">Escondido dos olhares dos que passam pela rua est\u00e1 o rom\u00e2ntico e paradis\u00edaco jardim privado da CASA CAM\u00c9LIA. Os nossos h\u00f3spedes podem desfrutar da fant\u00e1stica vista sobre o rio Douro e a cidade desde o terra\u00e7o, tomar uma bebida na pra\u00e7a ou dar um passeio pelo pequeno jardim de Cam\u00e9lias. O pequeno-almo\u00e7o no terra\u00e7o ou no pavilh\u00e3o proporcionar\u00e3o um perfeito come\u00e7o do dia. Para o prazer de passar tempo acompanhado, um campo de petanca vem complementar o fant\u00e1stico cen\u00e1rio do jardim.<\/p>\n[\/vc_column_text][mk_padding_divider size=&#8221;100&#8243;][\/vc_column][vc_column width=&#8221;1\/4&#8243;][mk_image src=&#8221;https:\/\/www.casacamelia.pt\/wp-content\/uploads\/2018\/11\/flowers3.png&#8221; image_size=&#8221;full&#8221; pxs=&#8221;true&#8221; pxs_x=&#8221;0&#8243; pxs_y=&#8221;-100&#8243; pxs_z=&#8221;0&#8243;][\/vc_column][\/mk_page_section][mk_page_section layout_structure=&#8221;half_left&#8221; bg_image=&#8221;https:\/\/www.casacamelia.pt\/wp-content\/uploads\/2021\/10\/interior-34-scaled.jpg&#8221; bg_color=&#8221;#f3efe9&#8243; min_height=&#8221;600&#8243; full_width=&#8221;true&#8221; js_vertical_centered=&#8221;true&#8221; padding_top=&#8221;90&#8243; padding_bottom=&#8221;90&#8243;][vc_column][mk_padding_divider visibility=&#8221;visible-sm&#8221;][mk_fancy_title tag_name=&#8221;h5&#8243; color=&#8221;#000000&#8243; size=&#8221;18&#8243; font_weight=&#8221;bold&#8221; txt_transform=&#8221;uppercase&#8221; letter_spacing=&#8221;4&#8243; margin_bottom=&#8221;0&#8243; font_family=&#8221;Source+Sans+Pro&#8221; font_type=&#8221;google&#8221; align=&#8221;center&#8221;]PAVILH\u00c3O[\/mk_fancy_title][mk_fancy_title tag_name=&#8221;h3&#8243; color=&#8221;#000000&#8243; size=&#8221;40&#8243; force_font_size=&#8221;true&#8221; size_tablet=&#8221;30&#8243; size_phone=&#8221;25&#8243; txt_transform=&#8221;uppercase&#8221; margin_bottom=&#8221;35&#8243; font_family=&#8221;none&#8221; align=&#8221;center&#8221;]um lugar<br \/>\npara desfrutar[\/mk_fancy_title][vc_column_text disable_pattern=&#8221;false&#8221; align=&#8221;center&#8221; margin_bottom=&#8221;25&#8243; css=&#8221;.vc_custom_1607367923240{margin-bottom: 0px !important;}&#8221;]\u201cA felicidade est\u00e1 nos momentos que partilhamos\u201d.<\/p>\n<p>Quer os nossos h\u00f3spedes comecem o dia no pavilh\u00e3o com o pequeno-almo\u00e7o, quer tomem um caf\u00e9 ou uma ch\u00e1vena de ch\u00e1 \u00e0 tarde ou desfrutem de um copo de vinho, os encontros no pavilh\u00e3o far\u00e3o da sua estadia na CASA CAM\u00c9LIA uma experi\u00eancia inesquec\u00edvel. Originalmente uma antiga casa de orqu\u00eddeas, o pavilh\u00e3o foi reconstru\u00eddo em 2020 como um lugar para se desfrutar.[\/vc_column_text][mk_padding_divider visibility=&#8221;visible-sm&#8221;][\/vc_column][\/mk_page_section][mk_page_section layout_structure=&#8221;half_right&#8221; bg_image=&#8221;https:\/\/www.casacamelia.pt\/wp-content\/uploads\/2021\/10\/casacamelia_boutique-hotel_garden.jpg&#8221; bg_color=&#8221;#f3efe9&#8243; min_height=&#8221;600&#8243; full_width=&#8221;true&#8221; js_vertical_centered=&#8221;true&#8221; padding_top=&#8221;90&#8243; padding_bottom=&#8221;90&#8243;][vc_column][mk_padding_divider visibility=&#8221;visible-sm&#8221;][mk_fancy_title tag_name=&#8221;h5&#8243; color=&#8221;#000000&#8243; size=&#8221;18&#8243; font_weight=&#8221;bold&#8221; txt_transform=&#8221;uppercase&#8221; letter_spacing=&#8221;4&#8243; margin_bottom=&#8221;0&#8243; font_family=&#8221;Source+Sans+Pro&#8221; font_type=&#8221;google&#8221; align=&#8221;center&#8221;]O PARQUE[\/mk_fancy_title][mk_fancy_title tag_name=&#8221;h3&#8243; color=&#8221;#000000&#8243; size=&#8221;40&#8243; force_font_size=&#8221;true&#8221; size_tablet=&#8221;30&#8243; size_phone=&#8221;25&#8243; txt_transform=&#8221;uppercase&#8221; margin_bottom=&#8221;35&#8243; font_family=&#8221;none&#8221; align=&#8221;center&#8221;]um lugar<br \/>\npara relaxar[\/mk_fancy_title][vc_column_text disable_pattern=&#8221;false&#8221; align=&#8221;center&#8221; margin_bottom=&#8221;25&#8243; css=&#8221;.vc_custom_1607368991278{margin-bottom: 0px !important;}&#8221;]O fant\u00e1stico cen\u00e1rio do jardim da CASA CAM\u00c9LIA oferece uma pra\u00e7a com cal\u00e7ada portuguesa, um pequeno jardim de Cam\u00e9lias que est\u00e3o entre as mais antigas da cidade, um jardim de flores, uma p\u00e9rgula, o pavilh\u00e3o e o campo de petanca, bem como um extenso e soalheiro relvado com espregui\u00e7adeiras para relaxar.[\/vc_column_text][mk_padding_divider visibility=&#8221;visible-sm&#8221;][\/vc_column][\/mk_page_section][mk_page_section layout_structure=&#8221;half_left&#8221; bg_image=&#8221;https:\/\/www.casacamelia.pt\/wp-content\/uploads\/2021\/10\/casacamelia_boutique-hotel_miradouro.jpg&#8221; bg_color=&#8221;#f3efe9&#8243; min_height=&#8221;600&#8243; full_width=&#8221;true&#8221; js_vertical_centered=&#8221;true&#8221; padding_top=&#8221;90&#8243; padding_bottom=&#8221;90&#8243;][vc_column][mk_padding_divider visibility=&#8221;visible-sm&#8221;][mk_fancy_title tag_name=&#8221;h5&#8243; color=&#8221;#000000&#8243; size=&#8221;18&#8243; font_weight=&#8221;bold&#8221; txt_transform=&#8221;uppercase&#8221; letter_spacing=&#8221;4&#8243; margin_bottom=&#8221;0&#8243; font_family=&#8221;Source+Sans+Pro&#8221; font_type=&#8221;google&#8221; align=&#8221;center&#8221;]O TERRA\u00c7O[\/mk_fancy_title][mk_fancy_title tag_name=&#8221;h3&#8243; color=&#8221;#000000&#8243; size=&#8221;40&#8243; force_font_size=&#8221;true&#8221; size_tablet=&#8221;30&#8243; size_phone=&#8221;25&#8243; txt_transform=&#8221;uppercase&#8221; margin_bottom=&#8221;35&#8243; font_family=&#8221;none&#8221; align=&#8221;center&#8221;]um lugar<br \/>\ncom vista[\/mk_fancy_title][vc_column_text disable_pattern=&#8221;false&#8221; align=&#8221;center&#8221; margin_bottom=&#8221;25&#8243; css=&#8221;.vc_custom_1607368278805{margin-bottom: 0px !important;}&#8221;]As deslumbrantes vistas sobre o Douro e a margem de Vila Nova de Gaia s\u00e3o inesquec\u00edveis e far\u00e3o com que os nossos h\u00f3spedes n\u00e3o queiram ficar l\u00e1 apenas para o pequeno-almo\u00e7o, mas sim durante todo o dia.[\/vc_column_text][mk_padding_divider visibility=&#8221;visible-sm&#8221;][\/vc_column][\/mk_page_section][mk_page_section bg_color=&#8221;#ffffff&#8221; bg_position=&#8221;center center&#8221; bg_repeat=&#8221;no-repeat&#8221; enable_3d=&#8221;true&#8221; min_height=&#8221;200&#8243; full_width=&#8221;true&#8221; js_vertical_centered=&#8221;true&#8221; padding_top=&#8221;100&#8243; padding_bottom=&#8221;100&#8243; el_class=&#8221;garden-flower-2&#8243; sidebar=&#8221;sidebar-1&#8243;][vc_column width=&#8221;1\/3&#8243;][mk_image src=&#8221;https:\/\/www.casacamelia.pt\/wp-content\/uploads\/2020\/11\/garden-1-1_flipped.png&#8221; image_size=&#8221;full&#8221; pxs=&#8221;true&#8221; pxs_x=&#8221;20&#8243; pxs_y=&#8221;50&#8243; pxs_z=&#8221;50&#8243;][\/vc_column][vc_column width=&#8221;1\/3&#8243;][\/vc_column][vc_column width=&#8221;1\/3&#8243;][\/vc_column][\/mk_page_section][mk_page_section bg_color=&#8221;#f3efe9&#8243; bg_position=&#8221;center center&#8221; bg_repeat=&#8221;no-repeat&#8221; bg_stretch=&#8221;true&#8221; enable_3d=&#8221;true&#8221; js_vertical_centered=&#8221;true&#8221; padding_top=&#8221;90&#8243; padding_bottom=&#8221;20&#8243; sidebar=&#8221;sidebar-1&#8243;][vc_column width=&#8221;1\/4&#8243;][mk_padding_divider size=&#8221;120&#8243;][mk_fancy_title size=&#8221;40&#8243; force_font_size=&#8221;true&#8221; size_phone=&#8221;25&#8243; txt_transform=&#8221;uppercase&#8221; margin_bottom=&#8221;0&#8243; font_family=&#8221;none&#8221; align=&#8221;center&#8221;]contacte-nos[\/mk_fancy_title][\/vc_column][vc_column width=&#8221;1\/2&#8243;][mk_image src=&#8221;https:\/\/www.casacamelia.pt\/wp-content\/uploads\/2020\/01\/casacamelia_brown_v1.png&#8221; image_size=&#8221;full&#8221; align=&#8221;center&#8221;][mk_padding_divider size=&#8221;35&#8243;][mk_fancy_title tag_name=&#8221;h6&#8243; color=&#8221;#86704d&#8221; size=&#8221;16&#8243; font_weight=&#8221;400&#8243; letter_spacing=&#8221;1&#8243; margin_bottom=&#8221;&#8221; font_family=&#8221;Source+Sans+Pro&#8221; font_type=&#8221;google&#8221; align=&#8221;center&#8221;]\n<p style=\"text-align: center;\">Rua da Bandeirinha 26, 4050-088 Porto<br \/>\n<a href=\"#\">+351\u00a0<\/a><a href=\"#\">965 427 555<\/a> \u00a0 <a href=\"mailto:book@casacamelia.pt\">book@casacamelia.pt<\/a><\/p>\n[\/mk_fancy_title][\/vc_column][vc_column width=&#8221;1\/4&#8243;][mk_padding_divider size=&#8221;108&#8243;][mk_social_networks size=&#8221;medium&#8221; style=&#8221;simple&#8221; margin=&#8221;15&#8243; icon_color=&#8221;#86704d&#8221; icon_hover_color=&#8221;#86704d&#8221; align=&#8221;center&#8221; facebook=&#8221;https:\/\/www.facebook.com\/casacamelia.porto&#8221; google_plus=&#8221;https:\/\/www.google.com\/maps\/place\/CASA+CAM%C3%89LIA\/@41.1450251,-8.6237727,17z\/data=!3m1!4b1!4m8!3m7!1s0xd24657598b343bb:0x3c6c1b9734d008ef!5m2!4m1!1i2!8m2!3d41.1449994!4d-8.6215559&#8243; instagram=&#8221;https:\/\/www.instagram.com\/casacamelia_porto\/?hl=pt&#8221;][\/vc_column][\/mk_page_section]\n","protected":false},"excerpt":{"rendered":"<p>[mk_page_section bg_image=&#8221;https:\/\/www.casacamelia.pt\/wp-content\/uploads\/2019\/10\/dsc01182.jpg&#8221; bg_color=&#8221;#ffffff&#8221; bg_position=&#8221;center center&#8221; bg_repeat=&#8221;no-repeat&#8221; bg_stretch=&#8221;true&#8221; enable_3d=&#8221;true&#8221; min_height=&#8221;400&#8243; padding_top=&#8221;90&#8243; padding_bottom=&#8221;90&#8243; sidebar=&#8221;sidebar-1&#8243;][vc_column][\/vc_column][\/mk_page_section][mk_page_section bg_color=&#8221;#ffffff&#8221; bg_position=&#8221;right top&#8221; bg_repeat=&#8221;no-repeat&#8221; enable_3d=&#8221;true&#8221; speed_factor=&#8221;-0.1&#8243; min_height=&#8221;70&#8243; full_width=&#8221;true&#8221; padding_top=&#8221;60&#8243; el_class=&#8221;garden-flower&#8221; sidebar=&#8221;sidebar-1&#8243;][vc_column width=&#8221;1\/4&#8243;][\/vc_column][vc_column width=&#8221;1\/2&#8243;][mk_fancy_title color=&#8221;#000000&#8243; size=&#8221;100&#8243; force_font_size=&#8221;true&#8221; size_tablet=&#8221;50&#8243; size_phone=&#8221;25&#8243; txt_transform=&#8221;uppercase&#8221; letter_spacing=&#8221;7&#8243; margin_bottom=&#8221;0&#8243; font_family=&#8221;none&#8221; align=&#8221;center&#8221;]O jardim[\/mk_fancy_title][vc_column_text css=&#8221;.vc_custom_1607367745606{margin-bottom: 0px !important;}&#8221;] Escondido dos olhares dos que passam pela rua est\u00e1 o rom\u00e2ntico e paradis\u00edaco jardim privado da [&hellip;]<\/p>\n","protected":false},"author":1,"featured_media":0,"parent":0,"menu_order":0,"comment_status":"closed","ping_status":"closed","template":"","meta":{"_acf_changed":false,"rs_blank_template":"","rs_page_bg_color":"","slide_template_v7":"","footnotes":""},"class_list":["post-2284","page","type-page","status-publish","hentry"],"acf":[],"yoast_head":"<!-- This site is optimized with the Yoast SEO plugin v27.4 - https:\/\/yoast.com\/product\/yoast-seo-wordpress\/ -->\n<title>JARDIM - Casa Cam\u00e9lia<\/title>\n<meta name=\"robots\" content=\"index, follow, max-snippet:-1, max-image-preview:large, max-video-preview:-1\" \/>\n<link rel=\"canonical\" href=\"https:\/\/www.casacamelia.pt\/pt-pt\/garden\/\" \/>\n<meta property=\"og:locale\" content=\"pt_PT\" \/>\n<meta property=\"og:type\" content=\"article\" \/>\n<meta property=\"og:title\" content=\"JARDIM - Casa Cam\u00e9lia\" \/>\n<meta property=\"og:description\" content=\"[mk_page_section bg_image=&#8221;https:\/\/www.casacamelia.pt\/wp-content\/uploads\/2019\/10\/dsc01182.jpg&#8221; bg_color=&#8221;#ffffff&#8221; bg_position=&#8221;center center&#8221; bg_repeat=&#8221;no-repeat&#8221; bg_stretch=&#8221;true&#8221; enable_3d=&#8221;true&#8221; min_height=&#8221;400&#8243; padding_top=&#8221;90&#8243; padding_bottom=&#8221;90&#8243; sidebar=&#8221;sidebar-1&#8243;][vc_column][\/vc_column][\/mk_page_section][mk_page_section bg_color=&#8221;#ffffff&#8221; bg_position=&#8221;right top&#8221; bg_repeat=&#8221;no-repeat&#8221; enable_3d=&#8221;true&#8221; speed_factor=&#8221;-0.1&#8243; min_height=&#8221;70&#8243; full_width=&#8221;true&#8221; padding_top=&#8221;60&#8243; el_class=&#8221;garden-flower&#8221; sidebar=&#8221;sidebar-1&#8243;][vc_column width=&#8221;1\/4&#8243;][\/vc_column][vc_column width=&#8221;1\/2&#8243;][mk_fancy_title color=&#8221;#000000&#8243; size=&#8221;100&#8243; force_font_size=&#8221;true&#8221; size_tablet=&#8221;50&#8243; size_phone=&#8221;25&#8243; txt_transform=&#8221;uppercase&#8221; letter_spacing=&#8221;7&#8243; margin_bottom=&#8221;0&#8243; font_family=&#8221;none&#8221; align=&#8221;center&#8221;]O jardim[\/mk_fancy_title][vc_column_text css=&#8221;.vc_custom_1607367745606{margin-bottom: 0px !important;}&#8221;] Escondido dos olhares dos que passam pela rua est\u00e1 o rom\u00e2ntico e paradis\u00edaco jardim privado da [&hellip;]\" \/>\n<meta property=\"og:url\" content=\"https:\/\/www.casacamelia.pt\/pt-pt\/garden\/\" \/>\n<meta property=\"og:site_name\" content=\"Casa Cam\u00e9lia\" \/>\n<meta property=\"article:modified_time\" content=\"2022-01-08T15:41:26+00:00\" \/>\n<meta name=\"twitter:card\" content=\"summary_large_image\" \/>\n<meta name=\"twitter:label1\" content=\"Tempo estimado de leitura\" \/>\n\t<meta name=\"twitter:data1\" content=\"3 minutos\" \/>\n<script type=\"application\/ld+json\" class=\"yoast-schema-graph\">{\"@context\":\"https:\\\/\\\/schema.org\",\"@graph\":[{\"@type\":\"WebPage\",\"@id\":\"https:\\\/\\\/www.casacamelia.pt\\\/pt-pt\\\/garden\\\/\",\"url\":\"https:\\\/\\\/www.casacamelia.pt\\\/pt-pt\\\/garden\\\/\",\"name\":\"JARDIM - Casa Cam\u00e9lia\",\"isPartOf\":{\"@id\":\"https:\\\/\\\/www.casacamelia.pt\\\/pt-pt\\\/#website\"},\"datePublished\":\"2019-04-08T17:29:51+00:00\",\"dateModified\":\"2022-01-08T15:41:26+00:00\",\"breadcrumb\":{\"@id\":\"https:\\\/\\\/www.casacamelia.pt\\\/pt-pt\\\/garden\\\/#breadcrumb\"},\"inLanguage\":\"pt-PT\",\"potentialAction\":[{\"@type\":\"ReadAction\",\"target\":[\"https:\\\/\\\/www.casacamelia.pt\\\/pt-pt\\\/garden\\\/\"]}]},{\"@type\":\"BreadcrumbList\",\"@id\":\"https:\\\/\\\/www.casacamelia.pt\\\/pt-pt\\\/garden\\\/#breadcrumb\",\"itemListElement\":[{\"@type\":\"ListItem\",\"position\":1,\"name\":\"Home\",\"item\":\"https:\\\/\\\/www.casacamelia.pt\\\/pt-pt\\\/\"},{\"@type\":\"ListItem\",\"position\":2,\"name\":\"JARDIM\"}]},{\"@type\":\"WebSite\",\"@id\":\"https:\\\/\\\/www.casacamelia.pt\\\/pt-pt\\\/#website\",\"url\":\"https:\\\/\\\/www.casacamelia.pt\\\/pt-pt\\\/\",\"name\":\"Casa Cam\u00e9lia\",\"description\":\"\",\"potentialAction\":[{\"@type\":\"SearchAction\",\"target\":{\"@type\":\"EntryPoint\",\"urlTemplate\":\"https:\\\/\\\/www.casacamelia.pt\\\/pt-pt\\\/?s={search_term_string}\"},\"query-input\":{\"@type\":\"PropertyValueSpecification\",\"valueRequired\":true,\"valueName\":\"search_term_string\"}}],\"inLanguage\":\"pt-PT\"}]}<\/script>\n<!-- \/ Yoast SEO plugin. -->","yoast_head_json":{"title":"JARDIM - Casa Cam\u00e9lia","robots":{"index":"index","follow":"follow","max-snippet":"max-snippet:-1","max-image-preview":"max-image-preview:large","max-video-preview":"max-video-preview:-1"},"canonical":"https:\/\/www.casacamelia.pt\/pt-pt\/garden\/","og_locale":"pt_PT","og_type":"article","og_title":"JARDIM - Casa Cam\u00e9lia","og_description":"[mk_page_section bg_image=&#8221;https:\/\/www.casacamelia.pt\/wp-content\/uploads\/2019\/10\/dsc01182.jpg&#8221; bg_color=&#8221;#ffffff&#8221; bg_position=&#8221;center center&#8221; bg_repeat=&#8221;no-repeat&#8221; bg_stretch=&#8221;true&#8221; enable_3d=&#8221;true&#8221; min_height=&#8221;400&#8243; padding_top=&#8221;90&#8243; padding_bottom=&#8221;90&#8243; sidebar=&#8221;sidebar-1&#8243;][vc_column][\/vc_column][\/mk_page_section][mk_page_section bg_color=&#8221;#ffffff&#8221; bg_position=&#8221;right top&#8221; bg_repeat=&#8221;no-repeat&#8221; enable_3d=&#8221;true&#8221; speed_factor=&#8221;-0.1&#8243; min_height=&#8221;70&#8243; full_width=&#8221;true&#8221; padding_top=&#8221;60&#8243; el_class=&#8221;garden-flower&#8221; sidebar=&#8221;sidebar-1&#8243;][vc_column width=&#8221;1\/4&#8243;][\/vc_column][vc_column width=&#8221;1\/2&#8243;][mk_fancy_title color=&#8221;#000000&#8243; size=&#8221;100&#8243; force_font_size=&#8221;true&#8221; size_tablet=&#8221;50&#8243; size_phone=&#8221;25&#8243; txt_transform=&#8221;uppercase&#8221; letter_spacing=&#8221;7&#8243; margin_bottom=&#8221;0&#8243; font_family=&#8221;none&#8221; align=&#8221;center&#8221;]O jardim[\/mk_fancy_title][vc_column_text css=&#8221;.vc_custom_1607367745606{margin-bottom: 0px !important;}&#8221;] Escondido dos olhares dos que passam pela rua est\u00e1 o rom\u00e2ntico e paradis\u00edaco jardim privado da [&hellip;]","og_url":"https:\/\/www.casacamelia.pt\/pt-pt\/garden\/","og_site_name":"Casa Cam\u00e9lia","article_modified_time":"2022-01-08T15:41:26+00:00","twitter_card":"summary_large_image","twitter_misc":{"Tempo estimado de leitura":"3 minutos"},"schema":{"@context":"https:\/\/schema.org","@graph":[{"@type":"WebPage","@id":"https:\/\/www.casacamelia.pt\/pt-pt\/garden\/","url":"https:\/\/www.casacamelia.pt\/pt-pt\/garden\/","name":"JARDIM - Casa Cam\u00e9lia","isPartOf":{"@id":"https:\/\/www.casacamelia.pt\/pt-pt\/#website"},"datePublished":"2019-04-08T17:29:51+00:00","dateModified":"2022-01-08T15:41:26+00:00","breadcrumb":{"@id":"https:\/\/www.casacamelia.pt\/pt-pt\/garden\/#breadcrumb"},"inLanguage":"pt-PT","potentialAction":[{"@type":"ReadAction","target":["https:\/\/www.casacamelia.pt\/pt-pt\/garden\/"]}]},{"@type":"BreadcrumbList","@id":"https:\/\/www.casacamelia.pt\/pt-pt\/garden\/#breadcrumb","itemListElement":[{"@type":"ListItem","position":1,"name":"Home","item":"https:\/\/www.casacamelia.pt\/pt-pt\/"},{"@type":"ListItem","position":2,"name":"JARDIM"}]},{"@type":"WebSite","@id":"https:\/\/www.casacamelia.pt\/pt-pt\/#website","url":"https:\/\/www.casacamelia.pt\/pt-pt\/","name":"Casa Cam\u00e9lia","description":"","potentialAction":[{"@type":"SearchAction","target":{"@type":"EntryPoint","urlTemplate":"https:\/\/www.casacamelia.pt\/pt-pt\/?s={search_term_string}"},"query-input":{"@type":"PropertyValueSpecification","valueRequired":true,"valueName":"search_term_string"}}],"inLanguage":"pt-PT"}]}},"_links":{"self":[{"href":"https:\/\/www.casacamelia.pt\/pt-pt\/wp-json\/wp\/v2\/pages\/2284","targetHints":{"allow":["GET"]}}],"collection":[{"href":"https:\/\/www.casacamelia.pt\/pt-pt\/wp-json\/wp\/v2\/pages"}],"about":[{"href":"https:\/\/www.casacamelia.pt\/pt-pt\/wp-json\/wp\/v2\/types\/page"}],"author":[{"embeddable":true,"href":"https:\/\/www.casacamelia.pt\/pt-pt\/wp-json\/wp\/v2\/users\/1"}],"replies":[{"embeddable":true,"href":"https:\/\/www.casacamelia.pt\/pt-pt\/wp-json\/wp\/v2\/comments?post=2284"}],"version-history":[{"count":10,"href":"https:\/\/www.casacamelia.pt\/pt-pt\/wp-json\/wp\/v2\/pages\/2284\/revisions"}],"predecessor-version":[{"id":3563,"href":"https:\/\/www.casacamelia.pt\/pt-pt\/wp-json\/wp\/v2\/pages\/2284\/revisions\/3563"}],"wp:attachment":[{"href":"https:\/\/www.casacamelia.pt\/pt-pt\/wp-json\/wp\/v2\/media?parent=2284"}],"curies":[{"name":"wp","href":"https:\/\/api.w.org\/{rel}","templated":true}]}}