{"id":2307,"date":"2019-12-02T18:58:29","date_gmt":"2019-12-02T18:58:29","guid":{"rendered":"https:\/\/casacamelia.dev2.shareit.dev\/room-3-detail\/"},"modified":"2024-03-16T12:10:29","modified_gmt":"2024-03-16T12:10:29","slug":"room-3-detail","status":"publish","type":"page","link":"https:\/\/www.casacamelia.pt\/pt-pt\/room-3-detail\/","title":{"rendered":"Room 3 &#8211; Detail"},"content":{"rendered":"<div class=\"wpb-content-wrapper\">[mk_page_section bg_image=&#8221;https:\/\/www.casacamelia.pt\/wp-content\/uploads\/2019\/12\/hortensia_2.jpg&#8221; bg_color=&#8221;#ffffff&#8221; bg_position=&#8221;center center&#8221; bg_repeat=&#8221;no-repeat&#8221; bg_stretch=&#8221;true&#8221; enable_3d=&#8221;true&#8221; min_height=&#8221;400&#8243; padding_top=&#8221;90&#8243; padding_bottom=&#8221;90&#8243; sidebar=&#8221;sidebar-1&#8243;][vc_column][\/vc_column][\/mk_page_section][vc_row fullwidth=&#8221;true&#8221; disable_element=&#8221;yes&#8221; id=&#8221;booking-form&#8221;][vc_column][vc_column_text css=&#8221;.vc_custom_1545142904867{margin-bottom: 0px !important;border-top-width: 1px !important;border-bottom-width: 1px !important;border-top-color: #f3efe9 !important;border-bottom-color: #f3efe9 !important;}&#8221;]<div class=\"bookingFormContainer\">\r\n                        <form class=\"\" action=\"\" >\r\n                            <fieldset class=\"fourth-width\">\r\n                                <label>\r\n                                    Ckeck-In\r\n                                <\/label>\r\n                                <input type=\"text\" id=\"dateTo\" autocomplete=\"off\">\r\n                            <\/fieldset>\r\n                            <fieldset class=\"fourth-width\">\r\n                                <label>\r\n                                    Check-Out\r\n                                <\/label>\r\n                                <input type=\"text\" id=\"dateFrom\" autocomplete=\"off\">\r\n                            <\/fieldset>\r\n                            <fieldset class=\"eighth-width\">\r\n                                <label>\r\n                                    Adultos\r\n                                <\/label>\r\n                                <select id=\"adults\">\r\n                                    <option value=\"0\">0<\/option>\r\n                                    <option value=\"1\">1<\/option>\r\n                                    <option value=\"2\">2<\/option>\r\n                                    <option value=\"3\">3<\/option>\r\n                                    <option value=\"4\">4<\/option>\r\n                                <\/select>\r\n                            <\/fieldset>\r\n                            <fieldset class=\"noMarginRight eighth-width\">\r\n                                 <label>\r\n                                        Crian\u00e7as\r\n                                    <\/label>\r\n                                    <select id=\"children\">\r\n                                        <option value=\"0\">0<\/option>\r\n                                        <option value=\"1\">1<\/option>\r\n                                        <option value=\"2\">2<\/option>\r\n                                        <option value=\"3\">3<\/option>\r\n                                        <option value=\"4\">4<\/option>\r\n                                    <\/select>\r\n                            <\/fieldset>\r\n                            <fieldset class=\"noMarginRight fourth-width submit-field\">\r\n                                <input type=\"submit\" value=\"Book Now\"\/>\r\n                            <\/fieldset>\r\n                        <\/form>\r\n                    <\/div>[\/vc_column_text][\/vc_column][\/vc_row][mk_page_section bg_color=&#8221;#ffffff&#8221; bg_position=&#8221;right top&#8221; bg_repeat=&#8221;no-repeat&#8221; enable_3d=&#8221;true&#8221; full_width=&#8221;true&#8221; padding_top=&#8221;40&#8243; padding_bottom=&#8221;90&#8243; el_class=&#8221;room-detail-flower&#8221; sidebar=&#8221;sidebar-1&#8243;][vc_column width=&#8221;1\/4&#8243;][\/vc_column][vc_column width=&#8221;1\/2&#8243;][mk_fancy_title color=&#8221;#000000&#8243; size=&#8221;100&#8243; force_font_size=&#8221;true&#8221; size_tablet=&#8221;50&#8243; size_phone=&#8221;25&#8243; txt_transform=&#8221;uppercase&#8221; letter_spacing=&#8221;7&#8243; margin_bottom=&#8221;0&#8243; font_family=&#8221;none&#8221; align=&#8221;center&#8221;]HORT\u00caNSIA[\/mk_fancy_title][mk_fancy_title tag_name=&#8221;h3&#8243; color=&#8221;#000000&#8243; size=&#8221;30&#8243; force_font_size=&#8221;true&#8221; size_phone=&#8221;20&#8243; txt_transform=&#8221;uppercase&#8221; margin_bottom=&#8221;0&#8243; font_family=&#8221;none&#8221; align=&#8221;center&#8221;]SUITE COM ACESSO AO JARDIM[\/mk_fancy_title][vc_column_text disable_pattern=&#8221;false&#8221; align=&#8221;center&#8221; margin_bottom=&#8221;30&#8243; css=&#8221;.vc_custom_1710591027196{margin-bottom: 50px !important;}&#8221;]Este quarto com vista para o jardim d\u00e1 acesso direto ao jardim, bem como a um pequeno terra\u00e7o privado. Este inclui uma cama <em>king-size<\/em> ou duas camas de solteiro e tem uma zona de descanso, bem como uma pequena cozinha em separado.<br \/>\nTodos os quartos disp\u00f5em de aquecimento central, s\u00e3o insonorizados e adequados a n\u00e3o-fumadores.<\/p>\n<p>Os h\u00f3spedes t\u00eam acesso ao jardim, ao pavilh\u00e3o e ao terra\u00e7o com vistas para o rio e para a cidade.<\/p>\n<p>Dimens\u00e3o do quarto 36 m2<br \/>\nA ocupa\u00e7\u00e3o m\u00e1xima deste quarto \u00e9 de 2 e 1 adultos (cama adicional \u20ac 40)[\/vc_column_text][mk_swipe_slideshow images=&#8221;3137,3198,3201,3204,3207,3210,3213&#8243; image_width=&#8221;1275&#8243; image_height=&#8221;850&#8243; disable_lazyload=&#8221;true&#8221;][\/vc_column][vc_column width=&#8221;1\/4&#8243;][mk_image src=&#8221;https:\/\/www.casacamelia.pt\/wp-content\/uploads\/2018\/11\/flowers3.png&#8221; image_size=&#8221;full&#8221; visibility=&#8221;hidden-sm&#8221; pxs=&#8221;true&#8221; pxs_x=&#8221;0&#8243; pxs_y=&#8221;-100&#8243; pxs_z=&#8221;0&#8243;][\/vc_column][\/mk_page_section][mk_page_section bg_image=&#8221;https:\/\/www.casacamelia.pt\/wp-content\/uploads\/2018\/11\/pattern5.png&#8221; bg_color=&#8221;#ffffff&#8221; bg_repeat=&#8221;no-repeat&#8221; enable_3d=&#8221;true&#8221; full_width=&#8221;true&#8221; padding_top=&#8221;9&#8243; padding_bottom=&#8221;90&#8243; sidebar=&#8221;sidebar-1&#8243;][vc_column][mk_padding_divider size=&#8221;30&#8243;][vc_row_inner is_fullwidth_content=&#8221;false&#8221; el_id=&#8221;roomfacilities&#8221;][vc_column_inner width=&#8221;1\/3&#8243;][\/vc_column_inner][vc_column_inner width=&#8221;1\/3&#8243;][mk_fancy_title tag_name=&#8221;h3&#8243; color=&#8221;#000000&#8243; size=&#8221;30&#8243; force_font_size=&#8221;true&#8221; size_phone=&#8221;20&#8243; txt_transform=&#8221;uppercase&#8221; margin_bottom=&#8221;0&#8243; font_family=&#8221;none&#8221;]COMODIDADES DO QUARTO[\/mk_fancy_title][mk_custom_list style=&#8221;mk-icon-caret-right&#8221;]\n<ul>\n<li>Casa de banho privativa com chuveiro e sanita<\/li>\n<li>Oferta de produtos de higiene<\/li>\n<li>Secador de cabelo<\/li>\n<li>Televis\u00e3o de ecr\u00e3 plano com canais por cabo<\/li>\n<li>WIFI gratuito<\/li>\n<li>Cofre<\/li>\n<li>Cantinho de ch\u00e1 separado<\/li>\n<li>Chaleira el\u00e9trica<\/li>\n<li>Minibar (servi\u00e7o pago)<\/li>\n<li>Oferta de \u00e1gua purificada<\/li>\n<\/ul>\n[\/mk_custom_list][\/vc_column_inner][vc_column_inner width=&#8221;1\/3&#8243;][mk_padding_divider][mk_fancy_title tag_name=&#8221;h3&#8243; color=&#8221;#000000&#8243; size=&#8221;30&#8243; force_font_size=&#8221;true&#8221; size_phone=&#8221;20&#8243; txt_transform=&#8221;uppercase&#8221; margin_bottom=&#8221;0&#8243; font_family=&#8221;none&#8221;]OUTRAS COMODIDADES[\/mk_fancy_title][mk_custom_list style=&#8221;mk-icon-caret-right&#8221;]\n<ul>\n<li>Limpeza di\u00e1ria<\/li>\n<li>Ferro de engomar mediante pedido<\/li>\n<li>Outras amenidades a pedido<\/li>\n<\/ul>\n[\/mk_custom_list][\/vc_column_inner][\/vc_row_inner][\/vc_column][\/mk_page_section][mk_page_section bg_color=&#8221;#f3efe9&#8243; bg_position=&#8221;center center&#8221; bg_repeat=&#8221;no-repeat&#8221; bg_stretch=&#8221;true&#8221; enable_3d=&#8221;true&#8221; js_vertical_centered=&#8221;true&#8221; padding_top=&#8221;90&#8243; padding_bottom=&#8221;90&#8243; sidebar=&#8221;sidebar-1&#8243;][vc_column width=&#8221;1\/4&#8243;][mk_padding_divider size=&#8221;120&#8243;][mk_fancy_title size=&#8221;40&#8243; force_font_size=&#8221;true&#8221; size_phone=&#8221;25&#8243; txt_transform=&#8221;uppercase&#8221; margin_bottom=&#8221;0&#8243; font_family=&#8221;none&#8221; align=&#8221;center&#8221;]contacte-nos[\/mk_fancy_title][\/vc_column][vc_column width=&#8221;1\/2&#8243;][mk_image src=&#8221;https:\/\/www.casacamelia.pt\/wp-content\/uploads\/2020\/01\/casacamelia_brown_v1.png&#8221; image_size=&#8221;full&#8221; align=&#8221;center&#8221;][mk_padding_divider size=&#8221;35&#8243;][mk_fancy_title tag_name=&#8221;h6&#8243; color=&#8221;#86704d&#8221; size=&#8221;16&#8243; font_weight=&#8221;400&#8243; letter_spacing=&#8221;1&#8243; margin_bottom=&#8221;&#8221; font_family=&#8221;Source+Sans+Pro&#8221; font_type=&#8221;google&#8221; align=&#8221;center&#8221;]\n<p style=\"text-align: center;\">Rua da Bandeirinha 26, 4050-088 Porto<br \/>\n<a href=\"#\">+351\u00a0<\/a><a href=\"#\">965 427 555<\/a> \u00a0 <a href=\"mailto:book@casacamelia.pt\">book@casacamelia.pt<\/a><\/p>\n[\/mk_fancy_title][\/vc_column][vc_column width=&#8221;1\/4&#8243;][mk_padding_divider size=&#8221;108&#8243;][mk_social_networks size=&#8221;medium&#8221; style=&#8221;simple&#8221; margin=&#8221;15&#8243; icon_color=&#8221;#86704d&#8221; icon_hover_color=&#8221;#86704d&#8221; align=&#8221;center&#8221; facebook=&#8221;https:\/\/www.facebook.com\/casacamelia.porto&#8221; google_plus=&#8221;https:\/\/www.google.com\/maps\/place\/CASA+CAM%C3%89LIA\/@41.1450291,-8.6237727,17z\/data=!3m1!4b1!4m8!3m7!1s0xd24657598b343bb:0x3c6c1b9734d008ef!5m2!4m1!1i2!8m2!3d41.1449994!4d-8.6215559&#8243; instagram=&#8221;https:\/\/www.instagram.com\/casacamelia_porto\/?hl=pt&#8221;][\/vc_column][\/mk_page_section]\n<\/div>","protected":false},"excerpt":{"rendered":"<p>[mk_page_section bg_image=&#8221;https:\/\/www.casacamelia.pt\/wp-content\/uploads\/2019\/12\/hortensia_2.jpg&#8221; bg_color=&#8221;#ffffff&#8221; bg_position=&#8221;center center&#8221; bg_repeat=&#8221;no-repeat&#8221; bg_stretch=&#8221;true&#8221; enable_3d=&#8221;true&#8221; min_height=&#8221;400&#8243; padding_top=&#8221;90&#8243; padding_bottom=&#8221;90&#8243; sidebar=&#8221;sidebar-1&#8243;][vc_column][\/vc_column][\/mk_page_section][vc_row fullwidth=&#8221;true&#8221; disable_element=&#8221;yes&#8221; id=&#8221;booking-form&#8221;][vc_column][vc_column_text css=&#8221;.vc_custom_1545142904867{margin-bottom: 0px !important;border-top-width: 1px !important;border-bottom-width: 1px !important;border-top-color: #f3efe9 !important;border-bottom-color: #f3efe9 !important;}&#8221;][\/vc_column_text][\/vc_column][\/vc_row][mk_page_section bg_color=&#8221;#ffffff&#8221; bg_position=&#8221;right top&#8221; bg_repeat=&#8221;no-repeat&#8221; enable_3d=&#8221;true&#8221; full_width=&#8221;true&#8221; padding_top=&#8221;40&#8243; padding_bottom=&#8221;90&#8243; el_class=&#8221;room-detail-flower&#8221; sidebar=&#8221;sidebar-1&#8243;][vc_column width=&#8221;1\/4&#8243;][\/vc_column][vc_column width=&#8221;1\/2&#8243;][mk_fancy_title color=&#8221;#000000&#8243; size=&#8221;100&#8243; force_font_size=&#8221;true&#8221; size_tablet=&#8221;50&#8243; size_phone=&#8221;25&#8243; txt_transform=&#8221;uppercase&#8221; letter_spacing=&#8221;7&#8243; margin_bottom=&#8221;0&#8243; font_family=&#8221;none&#8221; align=&#8221;center&#8221;]HORT\u00caNSIA[\/mk_fancy_title][mk_fancy_title tag_name=&#8221;h3&#8243; color=&#8221;#000000&#8243; size=&#8221;30&#8243; force_font_size=&#8221;true&#8221; size_phone=&#8221;20&#8243; txt_transform=&#8221;uppercase&#8221; margin_bottom=&#8221;0&#8243; [&hellip;]<\/p>\n","protected":false},"author":5,"featured_media":0,"parent":0,"menu_order":0,"comment_status":"closed","ping_status":"closed","template":"","meta":{"_acf_changed":false,"rs_blank_template":"","rs_page_bg_color":"","slide_template_v7":"","footnotes":""},"class_list":["post-2307","page","type-page","status-publish","hentry"],"acf":[],"yoast_head":"<!-- This site is optimized with the Yoast SEO plugin v27.5 - https:\/\/yoast.com\/product\/yoast-seo-wordpress\/ -->\n<title>Room 3 - Detail - Casa Cam\u00e9lia<\/title>\n<meta name=\"robots\" content=\"index, follow, max-snippet:-1, max-image-preview:large, max-video-preview:-1\" \/>\n<link rel=\"canonical\" href=\"https:\/\/www.casacamelia.pt\/pt-pt\/room-3-detail\/\" \/>\n<meta property=\"og:locale\" content=\"pt_PT\" \/>\n<meta property=\"og:type\" content=\"article\" \/>\n<meta property=\"og:title\" content=\"Room 3 - Detail - Casa Cam\u00e9lia\" \/>\n<meta property=\"og:description\" content=\"[mk_page_section bg_image=&#8221;https:\/\/www.casacamelia.pt\/wp-content\/uploads\/2019\/12\/hortensia_2.jpg&#8221; bg_color=&#8221;#ffffff&#8221; bg_position=&#8221;center center&#8221; bg_repeat=&#8221;no-repeat&#8221; bg_stretch=&#8221;true&#8221; enable_3d=&#8221;true&#8221; min_height=&#8221;400&#8243; padding_top=&#8221;90&#8243; padding_bottom=&#8221;90&#8243; sidebar=&#8221;sidebar-1&#8243;][vc_column][\/vc_column][\/mk_page_section][vc_row fullwidth=&#8221;true&#8221; disable_element=&#8221;yes&#8221; id=&#8221;booking-form&#8221;][vc_column][vc_column_text css=&#8221;.vc_custom_1545142904867{margin-bottom: 0px !important;border-top-width: 1px !important;border-bottom-width: 1px !important;border-top-color: #f3efe9 !important;border-bottom-color: #f3efe9 !important;}&#8221;][\/vc_column_text][\/vc_column][\/vc_row][mk_page_section bg_color=&#8221;#ffffff&#8221; bg_position=&#8221;right top&#8221; bg_repeat=&#8221;no-repeat&#8221; enable_3d=&#8221;true&#8221; full_width=&#8221;true&#8221; padding_top=&#8221;40&#8243; padding_bottom=&#8221;90&#8243; el_class=&#8221;room-detail-flower&#8221; sidebar=&#8221;sidebar-1&#8243;][vc_column width=&#8221;1\/4&#8243;][\/vc_column][vc_column width=&#8221;1\/2&#8243;][mk_fancy_title color=&#8221;#000000&#8243; size=&#8221;100&#8243; force_font_size=&#8221;true&#8221; size_tablet=&#8221;50&#8243; size_phone=&#8221;25&#8243; txt_transform=&#8221;uppercase&#8221; letter_spacing=&#8221;7&#8243; margin_bottom=&#8221;0&#8243; font_family=&#8221;none&#8221; align=&#8221;center&#8221;]HORT\u00caNSIA[\/mk_fancy_title][mk_fancy_title tag_name=&#8221;h3&#8243; color=&#8221;#000000&#8243; size=&#8221;30&#8243; force_font_size=&#8221;true&#8221; size_phone=&#8221;20&#8243; txt_transform=&#8221;uppercase&#8221; margin_bottom=&#8221;0&#8243; [&hellip;]\" \/>\n<meta property=\"og:url\" content=\"https:\/\/www.casacamelia.pt\/pt-pt\/room-3-detail\/\" \/>\n<meta property=\"og:site_name\" content=\"Casa Cam\u00e9lia\" \/>\n<meta property=\"article:modified_time\" content=\"2024-03-16T12:10:29+00:00\" \/>\n<meta name=\"twitter:card\" content=\"summary_large_image\" \/>\n<meta name=\"twitter:label1\" content=\"Tempo estimado de leitura\" \/>\n\t<meta name=\"twitter:data1\" content=\"2 minutos\" \/>\n<script type=\"application\/ld+json\" class=\"yoast-schema-graph\">{\"@context\":\"https:\\\/\\\/schema.org\",\"@graph\":[{\"@type\":\"WebPage\",\"@id\":\"https:\\\/\\\/www.casacamelia.pt\\\/pt-pt\\\/room-3-detail\\\/\",\"url\":\"https:\\\/\\\/www.casacamelia.pt\\\/pt-pt\\\/room-3-detail\\\/\",\"name\":\"Room 3 - Detail - Casa Cam\u00e9lia\",\"isPartOf\":{\"@id\":\"https:\\\/\\\/www.casacamelia.pt\\\/pt-pt\\\/#website\"},\"datePublished\":\"2019-12-02T18:58:29+00:00\",\"dateModified\":\"2024-03-16T12:10:29+00:00\",\"breadcrumb\":{\"@id\":\"https:\\\/\\\/www.casacamelia.pt\\\/pt-pt\\\/room-3-detail\\\/#breadcrumb\"},\"inLanguage\":\"pt-PT\",\"potentialAction\":[{\"@type\":\"ReadAction\",\"target\":[\"https:\\\/\\\/www.casacamelia.pt\\\/pt-pt\\\/room-3-detail\\\/\"]}]},{\"@type\":\"BreadcrumbList\",\"@id\":\"https:\\\/\\\/www.casacamelia.pt\\\/pt-pt\\\/room-3-detail\\\/#breadcrumb\",\"itemListElement\":[{\"@type\":\"ListItem\",\"position\":1,\"name\":\"Home\",\"item\":\"https:\\\/\\\/www.casacamelia.pt\\\/pt-pt\\\/\"},{\"@type\":\"ListItem\",\"position\":2,\"name\":\"Room 3 &#8211; Detail\"}]},{\"@type\":\"WebSite\",\"@id\":\"https:\\\/\\\/www.casacamelia.pt\\\/pt-pt\\\/#website\",\"url\":\"https:\\\/\\\/www.casacamelia.pt\\\/pt-pt\\\/\",\"name\":\"Casa Cam\u00e9lia\",\"description\":\"\",\"potentialAction\":[{\"@type\":\"SearchAction\",\"target\":{\"@type\":\"EntryPoint\",\"urlTemplate\":\"https:\\\/\\\/www.casacamelia.pt\\\/pt-pt\\\/?s={search_term_string}\"},\"query-input\":{\"@type\":\"PropertyValueSpecification\",\"valueRequired\":true,\"valueName\":\"search_term_string\"}}],\"inLanguage\":\"pt-PT\"}]}<\/script>\n<!-- \/ Yoast SEO plugin. -->","yoast_head_json":{"title":"Room 3 - Detail - Casa Cam\u00e9lia","robots":{"index":"index","follow":"follow","max-snippet":"max-snippet:-1","max-image-preview":"max-image-preview:large","max-video-preview":"max-video-preview:-1"},"canonical":"https:\/\/www.casacamelia.pt\/pt-pt\/room-3-detail\/","og_locale":"pt_PT","og_type":"article","og_title":"Room 3 - Detail - Casa Cam\u00e9lia","og_description":"[mk_page_section bg_image=&#8221;https:\/\/www.casacamelia.pt\/wp-content\/uploads\/2019\/12\/hortensia_2.jpg&#8221; bg_color=&#8221;#ffffff&#8221; bg_position=&#8221;center center&#8221; bg_repeat=&#8221;no-repeat&#8221; bg_stretch=&#8221;true&#8221; enable_3d=&#8221;true&#8221; min_height=&#8221;400&#8243; padding_top=&#8221;90&#8243; padding_bottom=&#8221;90&#8243; sidebar=&#8221;sidebar-1&#8243;][vc_column][\/vc_column][\/mk_page_section][vc_row fullwidth=&#8221;true&#8221; disable_element=&#8221;yes&#8221; id=&#8221;booking-form&#8221;][vc_column][vc_column_text css=&#8221;.vc_custom_1545142904867{margin-bottom: 0px !important;border-top-width: 1px !important;border-bottom-width: 1px !important;border-top-color: #f3efe9 !important;border-bottom-color: #f3efe9 !important;}&#8221;][\/vc_column_text][\/vc_column][\/vc_row][mk_page_section bg_color=&#8221;#ffffff&#8221; bg_position=&#8221;right top&#8221; bg_repeat=&#8221;no-repeat&#8221; enable_3d=&#8221;true&#8221; full_width=&#8221;true&#8221; padding_top=&#8221;40&#8243; padding_bottom=&#8221;90&#8243; el_class=&#8221;room-detail-flower&#8221; sidebar=&#8221;sidebar-1&#8243;][vc_column width=&#8221;1\/4&#8243;][\/vc_column][vc_column width=&#8221;1\/2&#8243;][mk_fancy_title color=&#8221;#000000&#8243; size=&#8221;100&#8243; force_font_size=&#8221;true&#8221; size_tablet=&#8221;50&#8243; size_phone=&#8221;25&#8243; txt_transform=&#8221;uppercase&#8221; letter_spacing=&#8221;7&#8243; margin_bottom=&#8221;0&#8243; font_family=&#8221;none&#8221; align=&#8221;center&#8221;]HORT\u00caNSIA[\/mk_fancy_title][mk_fancy_title tag_name=&#8221;h3&#8243; color=&#8221;#000000&#8243; size=&#8221;30&#8243; force_font_size=&#8221;true&#8221; size_phone=&#8221;20&#8243; txt_transform=&#8221;uppercase&#8221; margin_bottom=&#8221;0&#8243; [&hellip;]","og_url":"https:\/\/www.casacamelia.pt\/pt-pt\/room-3-detail\/","og_site_name":"Casa Cam\u00e9lia","article_modified_time":"2024-03-16T12:10:29+00:00","twitter_card":"summary_large_image","twitter_misc":{"Tempo estimado de leitura":"2 minutos"},"schema":{"@context":"https:\/\/schema.org","@graph":[{"@type":"WebPage","@id":"https:\/\/www.casacamelia.pt\/pt-pt\/room-3-detail\/","url":"https:\/\/www.casacamelia.pt\/pt-pt\/room-3-detail\/","name":"Room 3 - Detail - Casa Cam\u00e9lia","isPartOf":{"@id":"https:\/\/www.casacamelia.pt\/pt-pt\/#website"},"datePublished":"2019-12-02T18:58:29+00:00","dateModified":"2024-03-16T12:10:29+00:00","breadcrumb":{"@id":"https:\/\/www.casacamelia.pt\/pt-pt\/room-3-detail\/#breadcrumb"},"inLanguage":"pt-PT","potentialAction":[{"@type":"ReadAction","target":["https:\/\/www.casacamelia.pt\/pt-pt\/room-3-detail\/"]}]},{"@type":"BreadcrumbList","@id":"https:\/\/www.casacamelia.pt\/pt-pt\/room-3-detail\/#breadcrumb","itemListElement":[{"@type":"ListItem","position":1,"name":"Home","item":"https:\/\/www.casacamelia.pt\/pt-pt\/"},{"@type":"ListItem","position":2,"name":"Room 3 &#8211; Detail"}]},{"@type":"WebSite","@id":"https:\/\/www.casacamelia.pt\/pt-pt\/#website","url":"https:\/\/www.casacamelia.pt\/pt-pt\/","name":"Casa Cam\u00e9lia","description":"","potentialAction":[{"@type":"SearchAction","target":{"@type":"EntryPoint","urlTemplate":"https:\/\/www.casacamelia.pt\/pt-pt\/?s={search_term_string}"},"query-input":{"@type":"PropertyValueSpecification","valueRequired":true,"valueName":"search_term_string"}}],"inLanguage":"pt-PT"}]}},"_links":{"self":[{"href":"https:\/\/www.casacamelia.pt\/pt-pt\/wp-json\/wp\/v2\/pages\/2307","targetHints":{"allow":["GET"]}}],"collection":[{"href":"https:\/\/www.casacamelia.pt\/pt-pt\/wp-json\/wp\/v2\/pages"}],"about":[{"href":"https:\/\/www.casacamelia.pt\/pt-pt\/wp-json\/wp\/v2\/types\/page"}],"author":[{"embeddable":true,"href":"https:\/\/www.casacamelia.pt\/pt-pt\/wp-json\/wp\/v2\/users\/5"}],"replies":[{"embeddable":true,"href":"https:\/\/www.casacamelia.pt\/pt-pt\/wp-json\/wp\/v2\/comments?post=2307"}],"version-history":[{"count":10,"href":"https:\/\/www.casacamelia.pt\/pt-pt\/wp-json\/wp\/v2\/pages\/2307\/revisions"}],"predecessor-version":[{"id":5288,"href":"https:\/\/www.casacamelia.pt\/pt-pt\/wp-json\/wp\/v2\/pages\/2307\/revisions\/5288"}],"wp:attachment":[{"href":"https:\/\/www.casacamelia.pt\/pt-pt\/wp-json\/wp\/v2\/media?parent=2307"}],"curies":[{"name":"wp","href":"https:\/\/api.w.org\/{rel}","templated":true}]}}