{"id":2339,"date":"2019-03-18T12:42:57","date_gmt":"2019-03-18T12:42:57","guid":{"rendered":"https:\/\/casacamelia.dev2.shareit.dev\/services\/"},"modified":"2026-01-17T15:51:41","modified_gmt":"2026-01-17T15:51:41","slug":"services","status":"publish","type":"page","link":"https:\/\/www.casacamelia.pt\/pt-pt\/services\/","title":{"rendered":"SERVI\u00c7OS"},"content":{"rendered":"<div class=\"wpb-content-wrapper\">[mk_page_section bg_image=&#8221;https:\/\/www.casacamelia.pt\/wp-content\/uploads\/2019\/12\/boutique-hotel_reception-bell.jpg&#8221; bg_color=&#8221;#ffffff&#8221; bg_position=&#8221;center bottom&#8221; bg_repeat=&#8221;no-repeat&#8221; bg_stretch=&#8221;true&#8221; enable_3d=&#8221;true&#8221; min_height=&#8221;400&#8243; padding_top=&#8221;90&#8243; padding_bottom=&#8221;90&#8243; sidebar=&#8221;sidebar-1&#8243;][vc_column][\/vc_column][\/mk_page_section][mk_page_section bg_color=&#8221;#ffffff&#8221; bg_position=&#8221;right top&#8221; bg_repeat=&#8221;no-repeat&#8221; enable_3d=&#8221;true&#8221; speed_factor=&#8221;-0.15&#8243; min_height=&#8221;149&#8243; full_width=&#8221;true&#8221; padding_top=&#8221;60&#8243; padding_bottom=&#8221;30&#8243; el_class=&#8221;services-flower&#8221; sidebar=&#8221;sidebar-1&#8243;][vc_column width=&#8221;1\/4&#8243;][\/vc_column][vc_column width=&#8221;1\/2&#8243;][mk_fancy_title color=&#8221;#000000&#8243; size=&#8221;100&#8243; force_font_size=&#8221;true&#8221; size_tablet=&#8221;50&#8243; size_phone=&#8221;25&#8243; txt_transform=&#8221;uppercase&#8221; letter_spacing=&#8221;7&#8243; margin_bottom=&#8221;0&#8243; font_family=&#8221;none&#8221; align=&#8221;center&#8221;]SERVI\u00c7OS[\/mk_fancy_title][vc_column_text disable_pattern=&#8221;false&#8221; align=&#8221;center&#8221; margin_bottom=&#8221;30&#8243; css=&#8221;.vc_custom_1607368422327{margin-bottom: 50px !important;}&#8221;]A CASA CAM\u00c9LIA oferece excelentes servi\u00e7os aos seus h\u00f3spedes. Al\u00e9m dos servi\u00e7os comuns, aos nossos h\u00f3spedes \u00e9-lhes oferecida informa\u00e7\u00e3o tur\u00edstica e sugest\u00f5es pessoais para passeios tur\u00edsticos no Porto e proximidades e ser\u00e3o ajudados com marca\u00e7\u00f5es e reservas.[\/vc_column_text][\/vc_column][vc_column width=&#8221;1\/4&#8243;][mk_image src=&#8221;https:\/\/www.casacamelia.pt\/wp-content\/uploads\/2018\/11\/flowers3.png&#8221; image_size=&#8221;full&#8221; pxs=&#8221;true&#8221; pxs_x=&#8221;0&#8243; pxs_y=&#8221;-100&#8243; pxs_z=&#8221;0&#8243;][\/vc_column][\/mk_page_section][vc_row css=&#8221;.vc_custom_1554118125645{padding-bottom: 90px !important;}&#8221; el_class=&#8221;services-details&#8221;][vc_column][vc_row_inner][vc_column_inner width=&#8221;1\/5&#8243;][mk_image src=&#8221;https:\/\/www.casacamelia.pt\/wp-content\/uploads\/2018\/11\/rooms-1.png&#8221; image_size=&#8221;full&#8221; align=&#8221;center&#8221; margin_bottom=&#8221;30&#8243;][mk_fancy_title tag_name=&#8221;h5&#8243; color=&#8221;#000000&#8243; size=&#8221;18&#8243; font_weight=&#8221;bold&#8221; txt_transform=&#8221;uppercase&#8221; margin_bottom=&#8221;0&#8243; font_family=&#8221;Source+Sans+Pro&#8221; font_type=&#8221;google&#8221; align=&#8221;center&#8221;]9 QUARTOS[\/mk_fancy_title][\/vc_column_inner][vc_column_inner width=&#8221;1\/5&#8243;][mk_image src=&#8221;https:\/\/www.casacamelia.pt\/wp-content\/uploads\/2018\/11\/cooffe-1.png&#8221; image_size=&#8221;full&#8221; align=&#8221;center&#8221; margin_bottom=&#8221;30&#8243;][mk_fancy_title tag_name=&#8221;h5&#8243; color=&#8221;#000000&#8243; size=&#8221;18&#8243; font_weight=&#8221;bold&#8221; txt_transform=&#8221;uppercase&#8221; margin_bottom=&#8221;0&#8243; font_family=&#8221;Source+Sans+Pro&#8221; font_type=&#8221;google&#8221; align=&#8221;center&#8221;]BUFFET DE CAF\u00c9 DA MANH\u00c3[\/mk_fancy_title][\/vc_column_inner][vc_column_inner width=&#8221;1\/5&#8243;][mk_image src=&#8221;https:\/\/www.casacamelia.pt\/wp-content\/uploads\/2018\/11\/garden.png&#8221; image_size=&#8221;full&#8221; align=&#8221;center&#8221; margin_bottom=&#8221;30&#8243;][mk_fancy_title tag_name=&#8221;h5&#8243; color=&#8221;#000000&#8243; size=&#8221;18&#8243; font_weight=&#8221;bold&#8221; txt_transform=&#8221;uppercase&#8221; margin_bottom=&#8221;0&#8243; font_family=&#8221;Source+Sans+Pro&#8221; font_type=&#8221;google&#8221; align=&#8221;center&#8221;]TERRA\u00c7O E JARDIM[\/mk_fancy_title][\/vc_column_inner][vc_column_inner width=&#8221;1\/5&#8243;][mk_image src=&#8221;https:\/\/www.casacamelia.pt\/wp-content\/uploads\/2018\/11\/checkin-1.png&#8221; image_size=&#8221;full&#8221; align=&#8221;center&#8221; margin_bottom=&#8221;30&#8243;][mk_fancy_title tag_name=&#8221;h5&#8243; color=&#8221;#000000&#8243; size=&#8221;18&#8243; font_weight=&#8221;bold&#8221; txt_transform=&#8221;uppercase&#8221; margin_bottom=&#8221;0&#8243; font_family=&#8221;Source+Sans+Pro&#8221; font_type=&#8221;google&#8221; align=&#8221;center&#8221;]RECE\u00c7\u00c3O[\/mk_fancy_title][\/vc_column_inner][vc_column_inner width=&#8221;1\/5&#8243;][mk_image src=&#8221;https:\/\/www.casacamelia.pt\/wp-content\/uploads\/2026\/01\/bitcoin-1.png&#8221; image_width=&#8221;55&#8243; image_height=&#8221;55&#8243; align=&#8221;center&#8221; margin_bottom=&#8221;18&#8243;][mk_padding_divider size=&#8221;5&#8243;][mk_fancy_title tag_name=&#8221;h5&#8243; color=&#8221;#000000&#8243; size=&#8221;18&#8243; font_weight=&#8221;bold&#8221; txt_transform=&#8221;uppercase&#8221; margin_bottom=&#8221;0&#8243; font_family=&#8221;Source+Sans+Pro&#8221; font_type=&#8221;google&#8221; align=&#8221;center&#8221;]Bitcoin accepted[\/mk_fancy_title][\/vc_column_inner][\/vc_row_inner][\/vc_column][\/vc_row][mk_page_section bg_image=&#8221;https:\/\/www.casacamelia.pt\/wp-content\/uploads\/2018\/11\/pattern5.png&#8221; bg_color=&#8221;#ffffff&#8221; bg_repeat=&#8221;no-repeat&#8221; enable_3d=&#8221;true&#8221; full_width=&#8221;true&#8221; padding_top=&#8221;9&#8243; padding_bottom=&#8221;90&#8243; sidebar=&#8221;sidebar-1&#8243;][vc_column][mk_padding_divider size=&#8221;30&#8243;][vc_row_inner is_fullwidth_content=&#8221;false&#8221; el_id=&#8221;roomfacilities&#8221;][vc_column_inner width=&#8221;1\/3&#8243;][\/vc_column_inner][vc_column_inner width=&#8221;1\/3&#8243;][mk_fancy_title tag_name=&#8221;h3&#8243; color=&#8221;#000000&#8243; size=&#8221;30&#8243; force_font_size=&#8221;true&#8221; size_phone=&#8221;20&#8243; txt_transform=&#8221;uppercase&#8221; margin_bottom=&#8221;0&#8243; font_family=&#8221;none&#8221;]Servi\u00e7os[\/mk_fancy_title][mk_custom_list style=&#8221;mk-icon-caret-right&#8221;]\n<ul>\n<li>Rece\u00e7\u00e3o 08:15 \u2013 20:00 (a pedido at\u00e9 00:00)<\/li>\n<li>Pequeno-almo\u00e7o 08:15 \u2013 11:00 | 16.- \u20ac\/p<\/li>\n<li>Escolha de bebidas gr\u00e1tis no pavilh\u00e3o<\/li>\n<li>Ar condicionado em todos os quartos<\/li>\n<\/ul>\n[\/mk_custom_list][\/vc_column_inner][vc_column_inner width=&#8221;1\/3&#8243;][mk_padding_divider size=&#8221;58&#8243;][mk_custom_list style=&#8221;mk-icon-caret-right&#8221;]\n<ul>\n<li>Servi\u00e7o de limpeza di\u00e1rio<\/li>\n<li>WIFI \/ TV em todos os quartos<\/li>\n<li>Lugares de estacionamento dispon\u00edveis | 18.- \u20ac\/d<\/li>\n<li>Minibar em todos os quartos (servi\u00e7o pago)<\/li>\n<\/ul>\n[\/mk_custom_list][\/vc_column_inner][\/vc_row_inner][\/vc_column][\/mk_page_section][vc_row fullwidth=&#8221;true&#8221; attached=&#8221;true&#8221;][vc_column][mk_gallery images=&#8221;1706,1709,3111,3080,3086&#8243; column=&#8221;5&#8243; height=&#8221;198&#8243; item_spacing=&#8221;2&#8243; margin_bottom=&#8221;0&#8243;][\/vc_column][\/vc_row][mk_page_section bg_color=&#8221;#f3efe9&#8243; bg_position=&#8221;center center&#8221; bg_repeat=&#8221;no-repeat&#8221; bg_stretch=&#8221;true&#8221; enable_3d=&#8221;true&#8221; js_vertical_centered=&#8221;true&#8221; padding_top=&#8221;90&#8243; padding_bottom=&#8221;90&#8243; sidebar=&#8221;sidebar-1&#8243;][vc_column width=&#8221;1\/4&#8243;][mk_padding_divider size=&#8221;120&#8243;][mk_fancy_title size=&#8221;40&#8243; force_font_size=&#8221;true&#8221; size_phone=&#8221;25&#8243; txt_transform=&#8221;uppercase&#8221; margin_bottom=&#8221;0&#8243; font_family=&#8221;none&#8221; align=&#8221;center&#8221;]contacte-nos[\/mk_fancy_title][\/vc_column][vc_column width=&#8221;1\/2&#8243;][mk_image src=&#8221;https:\/\/www.casacamelia.pt\/wp-content\/uploads\/2020\/01\/casacamelia_brown_v1.png&#8221; image_size=&#8221;full&#8221; align=&#8221;center&#8221;][mk_padding_divider size=&#8221;35&#8243;][mk_fancy_title tag_name=&#8221;h6&#8243; color=&#8221;#86704d&#8221; size=&#8221;16&#8243; font_weight=&#8221;400&#8243; letter_spacing=&#8221;1&#8243; margin_bottom=&#8221;&#8221; font_family=&#8221;Source+Sans+Pro&#8221; font_type=&#8221;google&#8221; align=&#8221;center&#8221;]\n<p style=\"text-align: center;\">Rua da Bandeirinha 26, 4050-088 Porto<br \/>\n<a href=\"#\">+351\u00a0<\/a><a href=\"#\">965 427 555<\/a> \u00a0 <a href=\"mailto:book@casacamelia.pt\">book@casacamelia.pt<\/a><\/p>\n[\/mk_fancy_title][\/vc_column][vc_column width=&#8221;1\/4&#8243;][mk_padding_divider size=&#8221;108&#8243;][mk_social_networks size=&#8221;medium&#8221; style=&#8221;simple&#8221; margin=&#8221;15&#8243; icon_color=&#8221;#86704d&#8221; icon_hover_color=&#8221;#86704d&#8221; align=&#8221;center&#8221; facebook=&#8221;https:\/\/www.facebook.com\/casacamelia.porto&#8221; google_plus=&#8221;https:\/\/www.google.com\/maps\/place\/CASA+CAM%C3%89LIA\/@41.1450251,-8.6237727,17z\/data=!3m1!4b1!4m8!3m7!1s0xd24657598b343bb:0x3c6c1b9734d008ef!5m2!4m1!1i2!8m2!3d41.1449994!4d-8.6215559&#8243; instagram=&#8221;https:\/\/www.instagram.com\/casacamelia_porto\/?hl=pt&#8221;][\/vc_column][\/mk_page_section]\n<\/div>","protected":false},"excerpt":{"rendered":"<p>[mk_page_section bg_image=&#8221;https:\/\/www.casacamelia.pt\/wp-content\/uploads\/2019\/12\/boutique-hotel_reception-bell.jpg&#8221; bg_color=&#8221;#ffffff&#8221; bg_position=&#8221;center bottom&#8221; bg_repeat=&#8221;no-repeat&#8221; bg_stretch=&#8221;true&#8221; enable_3d=&#8221;true&#8221; min_height=&#8221;400&#8243; padding_top=&#8221;90&#8243; padding_bottom=&#8221;90&#8243; sidebar=&#8221;sidebar-1&#8243;][vc_column][\/vc_column][\/mk_page_section][mk_page_section bg_color=&#8221;#ffffff&#8221; bg_position=&#8221;right top&#8221; bg_repeat=&#8221;no-repeat&#8221; enable_3d=&#8221;true&#8221; speed_factor=&#8221;-0.15&#8243; min_height=&#8221;149&#8243; full_width=&#8221;true&#8221; padding_top=&#8221;60&#8243; padding_bottom=&#8221;30&#8243; el_class=&#8221;services-flower&#8221; sidebar=&#8221;sidebar-1&#8243;][vc_column width=&#8221;1\/4&#8243;][\/vc_column][vc_column width=&#8221;1\/2&#8243;][mk_fancy_title color=&#8221;#000000&#8243; size=&#8221;100&#8243; force_font_size=&#8221;true&#8221; size_tablet=&#8221;50&#8243; size_phone=&#8221;25&#8243; txt_transform=&#8221;uppercase&#8221; letter_spacing=&#8221;7&#8243; margin_bottom=&#8221;0&#8243; font_family=&#8221;none&#8221; align=&#8221;center&#8221;]SERVI\u00c7OS[\/mk_fancy_title][vc_column_text disable_pattern=&#8221;false&#8221; align=&#8221;center&#8221; margin_bottom=&#8221;30&#8243; css=&#8221;.vc_custom_1607368422327{margin-bottom: 50px !important;}&#8221;]A CASA CAM\u00c9LIA oferece excelentes servi\u00e7os aos seus h\u00f3spedes. Al\u00e9m dos servi\u00e7os comuns, aos [&hellip;]<\/p>\n","protected":false},"author":1,"featured_media":0,"parent":0,"menu_order":0,"comment_status":"closed","ping_status":"closed","template":"","meta":{"_acf_changed":false,"rs_blank_template":"","rs_page_bg_color":"","slide_template_v7":"","footnotes":""},"class_list":["post-2339","page","type-page","status-publish","hentry"],"acf":[],"yoast_head":"<!-- This site is optimized with the Yoast SEO plugin v27.5 - https:\/\/yoast.com\/product\/yoast-seo-wordpress\/ -->\n<title>SERVI\u00c7OS - Casa Cam\u00e9lia<\/title>\n<meta name=\"robots\" content=\"index, follow, max-snippet:-1, max-image-preview:large, max-video-preview:-1\" \/>\n<link rel=\"canonical\" href=\"https:\/\/www.casacamelia.pt\/pt-pt\/services\/\" \/>\n<meta property=\"og:locale\" content=\"pt_PT\" \/>\n<meta property=\"og:type\" content=\"article\" \/>\n<meta property=\"og:title\" content=\"SERVI\u00c7OS - Casa Cam\u00e9lia\" \/>\n<meta property=\"og:description\" content=\"[mk_page_section bg_image=&#8221;https:\/\/www.casacamelia.pt\/wp-content\/uploads\/2019\/12\/boutique-hotel_reception-bell.jpg&#8221; bg_color=&#8221;#ffffff&#8221; bg_position=&#8221;center bottom&#8221; bg_repeat=&#8221;no-repeat&#8221; bg_stretch=&#8221;true&#8221; enable_3d=&#8221;true&#8221; min_height=&#8221;400&#8243; padding_top=&#8221;90&#8243; padding_bottom=&#8221;90&#8243; sidebar=&#8221;sidebar-1&#8243;][vc_column][\/vc_column][\/mk_page_section][mk_page_section bg_color=&#8221;#ffffff&#8221; bg_position=&#8221;right top&#8221; bg_repeat=&#8221;no-repeat&#8221; enable_3d=&#8221;true&#8221; speed_factor=&#8221;-0.15&#8243; min_height=&#8221;149&#8243; full_width=&#8221;true&#8221; padding_top=&#8221;60&#8243; padding_bottom=&#8221;30&#8243; el_class=&#8221;services-flower&#8221; sidebar=&#8221;sidebar-1&#8243;][vc_column width=&#8221;1\/4&#8243;][\/vc_column][vc_column width=&#8221;1\/2&#8243;][mk_fancy_title color=&#8221;#000000&#8243; size=&#8221;100&#8243; force_font_size=&#8221;true&#8221; size_tablet=&#8221;50&#8243; size_phone=&#8221;25&#8243; txt_transform=&#8221;uppercase&#8221; letter_spacing=&#8221;7&#8243; margin_bottom=&#8221;0&#8243; font_family=&#8221;none&#8221; align=&#8221;center&#8221;]SERVI\u00c7OS[\/mk_fancy_title][vc_column_text disable_pattern=&#8221;false&#8221; align=&#8221;center&#8221; margin_bottom=&#8221;30&#8243; css=&#8221;.vc_custom_1607368422327{margin-bottom: 50px !important;}&#8221;]A CASA CAM\u00c9LIA oferece excelentes servi\u00e7os aos seus h\u00f3spedes. Al\u00e9m dos servi\u00e7os comuns, aos [&hellip;]\" \/>\n<meta property=\"og:url\" content=\"https:\/\/www.casacamelia.pt\/pt-pt\/services\/\" \/>\n<meta property=\"og:site_name\" content=\"Casa Cam\u00e9lia\" \/>\n<meta property=\"article:modified_time\" content=\"2026-01-17T15:51:41+00:00\" \/>\n<meta name=\"twitter:card\" content=\"summary_large_image\" \/>\n<meta name=\"twitter:label1\" content=\"Tempo estimado de leitura\" \/>\n\t<meta name=\"twitter:data1\" content=\"3 minutos\" \/>\n<script type=\"application\/ld+json\" class=\"yoast-schema-graph\">{\"@context\":\"https:\\\/\\\/schema.org\",\"@graph\":[{\"@type\":\"WebPage\",\"@id\":\"https:\\\/\\\/www.casacamelia.pt\\\/pt-pt\\\/services\\\/\",\"url\":\"https:\\\/\\\/www.casacamelia.pt\\\/pt-pt\\\/services\\\/\",\"name\":\"SERVI\u00c7OS - Casa Cam\u00e9lia\",\"isPartOf\":{\"@id\":\"https:\\\/\\\/www.casacamelia.pt\\\/pt-pt\\\/#website\"},\"datePublished\":\"2019-03-18T12:42:57+00:00\",\"dateModified\":\"2026-01-17T15:51:41+00:00\",\"breadcrumb\":{\"@id\":\"https:\\\/\\\/www.casacamelia.pt\\\/pt-pt\\\/services\\\/#breadcrumb\"},\"inLanguage\":\"pt-PT\",\"potentialAction\":[{\"@type\":\"ReadAction\",\"target\":[\"https:\\\/\\\/www.casacamelia.pt\\\/pt-pt\\\/services\\\/\"]}]},{\"@type\":\"BreadcrumbList\",\"@id\":\"https:\\\/\\\/www.casacamelia.pt\\\/pt-pt\\\/services\\\/#breadcrumb\",\"itemListElement\":[{\"@type\":\"ListItem\",\"position\":1,\"name\":\"Home\",\"item\":\"https:\\\/\\\/www.casacamelia.pt\\\/pt-pt\\\/\"},{\"@type\":\"ListItem\",\"position\":2,\"name\":\"SERVI\u00c7OS\"}]},{\"@type\":\"WebSite\",\"@id\":\"https:\\\/\\\/www.casacamelia.pt\\\/pt-pt\\\/#website\",\"url\":\"https:\\\/\\\/www.casacamelia.pt\\\/pt-pt\\\/\",\"name\":\"Casa Cam\u00e9lia\",\"description\":\"\",\"potentialAction\":[{\"@type\":\"SearchAction\",\"target\":{\"@type\":\"EntryPoint\",\"urlTemplate\":\"https:\\\/\\\/www.casacamelia.pt\\\/pt-pt\\\/?s={search_term_string}\"},\"query-input\":{\"@type\":\"PropertyValueSpecification\",\"valueRequired\":true,\"valueName\":\"search_term_string\"}}],\"inLanguage\":\"pt-PT\"}]}<\/script>\n<!-- \/ Yoast SEO plugin. -->","yoast_head_json":{"title":"SERVI\u00c7OS - Casa Cam\u00e9lia","robots":{"index":"index","follow":"follow","max-snippet":"max-snippet:-1","max-image-preview":"max-image-preview:large","max-video-preview":"max-video-preview:-1"},"canonical":"https:\/\/www.casacamelia.pt\/pt-pt\/services\/","og_locale":"pt_PT","og_type":"article","og_title":"SERVI\u00c7OS - Casa Cam\u00e9lia","og_description":"[mk_page_section bg_image=&#8221;https:\/\/www.casacamelia.pt\/wp-content\/uploads\/2019\/12\/boutique-hotel_reception-bell.jpg&#8221; bg_color=&#8221;#ffffff&#8221; bg_position=&#8221;center bottom&#8221; bg_repeat=&#8221;no-repeat&#8221; bg_stretch=&#8221;true&#8221; enable_3d=&#8221;true&#8221; min_height=&#8221;400&#8243; padding_top=&#8221;90&#8243; padding_bottom=&#8221;90&#8243; sidebar=&#8221;sidebar-1&#8243;][vc_column][\/vc_column][\/mk_page_section][mk_page_section bg_color=&#8221;#ffffff&#8221; bg_position=&#8221;right top&#8221; bg_repeat=&#8221;no-repeat&#8221; enable_3d=&#8221;true&#8221; speed_factor=&#8221;-0.15&#8243; min_height=&#8221;149&#8243; full_width=&#8221;true&#8221; padding_top=&#8221;60&#8243; padding_bottom=&#8221;30&#8243; el_class=&#8221;services-flower&#8221; sidebar=&#8221;sidebar-1&#8243;][vc_column width=&#8221;1\/4&#8243;][\/vc_column][vc_column width=&#8221;1\/2&#8243;][mk_fancy_title color=&#8221;#000000&#8243; size=&#8221;100&#8243; force_font_size=&#8221;true&#8221; size_tablet=&#8221;50&#8243; size_phone=&#8221;25&#8243; txt_transform=&#8221;uppercase&#8221; letter_spacing=&#8221;7&#8243; margin_bottom=&#8221;0&#8243; font_family=&#8221;none&#8221; align=&#8221;center&#8221;]SERVI\u00c7OS[\/mk_fancy_title][vc_column_text disable_pattern=&#8221;false&#8221; align=&#8221;center&#8221; margin_bottom=&#8221;30&#8243; css=&#8221;.vc_custom_1607368422327{margin-bottom: 50px !important;}&#8221;]A CASA CAM\u00c9LIA oferece excelentes servi\u00e7os aos seus h\u00f3spedes. Al\u00e9m dos servi\u00e7os comuns, aos [&hellip;]","og_url":"https:\/\/www.casacamelia.pt\/pt-pt\/services\/","og_site_name":"Casa Cam\u00e9lia","article_modified_time":"2026-01-17T15:51:41+00:00","twitter_card":"summary_large_image","twitter_misc":{"Tempo estimado de leitura":"3 minutos"},"schema":{"@context":"https:\/\/schema.org","@graph":[{"@type":"WebPage","@id":"https:\/\/www.casacamelia.pt\/pt-pt\/services\/","url":"https:\/\/www.casacamelia.pt\/pt-pt\/services\/","name":"SERVI\u00c7OS - Casa Cam\u00e9lia","isPartOf":{"@id":"https:\/\/www.casacamelia.pt\/pt-pt\/#website"},"datePublished":"2019-03-18T12:42:57+00:00","dateModified":"2026-01-17T15:51:41+00:00","breadcrumb":{"@id":"https:\/\/www.casacamelia.pt\/pt-pt\/services\/#breadcrumb"},"inLanguage":"pt-PT","potentialAction":[{"@type":"ReadAction","target":["https:\/\/www.casacamelia.pt\/pt-pt\/services\/"]}]},{"@type":"BreadcrumbList","@id":"https:\/\/www.casacamelia.pt\/pt-pt\/services\/#breadcrumb","itemListElement":[{"@type":"ListItem","position":1,"name":"Home","item":"https:\/\/www.casacamelia.pt\/pt-pt\/"},{"@type":"ListItem","position":2,"name":"SERVI\u00c7OS"}]},{"@type":"WebSite","@id":"https:\/\/www.casacamelia.pt\/pt-pt\/#website","url":"https:\/\/www.casacamelia.pt\/pt-pt\/","name":"Casa Cam\u00e9lia","description":"","potentialAction":[{"@type":"SearchAction","target":{"@type":"EntryPoint","urlTemplate":"https:\/\/www.casacamelia.pt\/pt-pt\/?s={search_term_string}"},"query-input":{"@type":"PropertyValueSpecification","valueRequired":true,"valueName":"search_term_string"}}],"inLanguage":"pt-PT"}]}},"_links":{"self":[{"href":"https:\/\/www.casacamelia.pt\/pt-pt\/wp-json\/wp\/v2\/pages\/2339","targetHints":{"allow":["GET"]}}],"collection":[{"href":"https:\/\/www.casacamelia.pt\/pt-pt\/wp-json\/wp\/v2\/pages"}],"about":[{"href":"https:\/\/www.casacamelia.pt\/pt-pt\/wp-json\/wp\/v2\/types\/page"}],"author":[{"embeddable":true,"href":"https:\/\/www.casacamelia.pt\/pt-pt\/wp-json\/wp\/v2\/users\/1"}],"replies":[{"embeddable":true,"href":"https:\/\/www.casacamelia.pt\/pt-pt\/wp-json\/wp\/v2\/comments?post=2339"}],"version-history":[{"count":10,"href":"https:\/\/www.casacamelia.pt\/pt-pt\/wp-json\/wp\/v2\/pages\/2339\/revisions"}],"predecessor-version":[{"id":10525,"href":"https:\/\/www.casacamelia.pt\/pt-pt\/wp-json\/wp\/v2\/pages\/2339\/revisions\/10525"}],"wp:attachment":[{"href":"https:\/\/www.casacamelia.pt\/pt-pt\/wp-json\/wp\/v2\/media?parent=2339"}],"curies":[{"name":"wp","href":"https:\/\/api.w.org\/{rel}","templated":true}]}}